{"id":6726,"date":"2021-04-29T18:43:00","date_gmt":"2021-04-29T18:43:00","guid":{"rendered":"https:\/\/dimarciano.com\/ueber-uns\/"},"modified":"2021-04-29T18:43:00","modified_gmt":"2021-04-29T18:43:00","slug":"ueber-uns","status":"publish","type":"page","link":"https:\/\/dimarciano.com\/de\/ueber-uns\/","title":{"rendered":"\u00dcber uns"},"content":{"rendered":"<div class=\"wpb-content-wrapper\"><p>[vc_row][vc_column width=&#8220;1\/4&#8243;][vc_single_image image=&#8220;6176&#8243; img_size=&#8220;large&#8220; alignment=&#8220;center&#8220;][\/vc_column][vc_column width=&#8220;1\/2&#8243;]<div class = \"romeo-handwriting  vc_custom_1617228371250\"><div style = \"text-align : center; font-size : 60px;\">Dimarciano Cavalier<\/div><\/div>[vc_column_text css=&#8220;.vc_custom_1617228366683{padding-right: 10% !important;padding-left: 10% !important;}&#8220;]<\/p>\n<p style=\"text-align: center;\">Dimarciano Cavalier ist ein kleines Unternehmen mit gro\u00dfen Pl\u00e4nen. Die Materialien und Technologien, die wir verwenden, sind innovativ und ungew\u00f6hnlich im Bereich Luxushandtaschen. Unsere Handtaschen sind aus einem gro\u00dfen Interesse an neuen Materialien und dem Willen erwachsen, etwas Innovatives zu tun.<br \/>\nDie gesamte Produktion und Designen finden in Estland statt und alle Produkte werden einzeln bis ins kleinste Detail \u00fcberpr\u00fcft, kontrolliert und endbearbeitet. Alle Details der Tasche sind sorgf\u00e4ltig durchdacht und echtes Handwerk. Unsere Produkte sind aus Carbon gemacht, genau aus demselben Carbon, aus dem Luxusautos gemacht werden, das in der Raumfahrtindustrie verwendet wird und von dem man nicht glauben w\u00fcrde, dass man Handtaschen herstellen kann. Unser Plan ist es, dem grauen Alltag etwas mehr Lebendigkeit und Farben zu verleihen, denn sagen wir ehrlich &#8211; es scheint nur grau und schwarz um uns herum zu sein. Deshalb haben wir Luxus-Carbon mit hochwertigem Echtleder von Gruppo Mastrotto aus Italien kombiniert. Wir m\u00fcssen nicht alle gleich sein, wir wollen uns von anderen abheben, wir wollen auffallen, wir wollen diejenigen sein, \u00fcber die noch lange gesprochen wird und die ein Beispiel sind. Verleihen Sie Ihrem Leben ein bisschen Spa\u00df, Farbe und Glamour &#8211; dank uns wird dies etwas einfacher.<\/p>\n<p>[\/vc_column_text][\/vc_column][vc_column width=&#8220;1\/4&#8243;][vc_single_image image=&#8220;6662&#8243; img_size=&#8220;large&#8220; alignment=&#8220;center&#8220;][\/vc_column][\/vc_row]<\/p>\n<\/div>","protected":false},"excerpt":{"rendered":"<p>[vc_row][vc_column width=&#8220;1\/4&#8243;][vc_single_image image=&#8220;6176&#8243; img_size=&#8220;large&#8220; alignment=&#8220;center&#8220;][\/vc_column][vc_column width=&#8220;1\/2&#8243;][vc_column_text css=&#8220;.vc_custom_1617228366683{padding-right: 10% !important;padding-left: 10% !important;}&#8220;] Dimarciano Cavalier ist ein kleines Unternehmen mit gro\u00dfen Pl\u00e4nen. Die Materialien und Technologien, die wir verwenden, sind innovativ und ungew\u00f6hnlich im Bereich Luxushandtaschen. Unsere Handtaschen sind aus einem gro\u00dfen Interesse an neuen Materialien und dem Willen erwachsen, etwas Innovatives zu tun. Die gesamte Produktion ...<\/p>\n","protected":false},"author":1,"featured_media":0,"parent":0,"menu_order":0,"comment_status":"closed","ping_status":"closed","template":"template-no-title-fullwidth.php","meta":{"ngg_post_thumbnail":0,"footnotes":""},"class_list":["post-6726","page","type-page","status-publish","hentry"],"yoast_head":"<!-- This site is optimized with the Yoast SEO plugin v22.7 - https:\/\/yoast.com\/wordpress\/plugins\/seo\/ -->\n<title>\u00dcber uns - Dimarciano<\/title>\n<meta name=\"robots\" content=\"index, follow, max-snippet:-1, max-image-preview:large, max-video-preview:-1\" \/>\n<link rel=\"canonical\" href=\"https:\/\/dimarciano.com\/de\/ueber-uns\/\" \/>\n<meta property=\"og:locale\" content=\"de_DE\" \/>\n<meta property=\"og:type\" content=\"article\" \/>\n<meta property=\"og:title\" content=\"\u00dcber uns - Dimarciano\" \/>\n<meta property=\"og:description\" content=\"[vc_row][vc_column width=&#8220;1\/4&#8243;][vc_single_image image=&#8220;6176&#8243; img_size=&#8220;large&#8220; alignment=&#8220;center&#8220;][\/vc_column][vc_column width=&#8220;1\/2&#8243;][vc_column_text css=&#8220;.vc_custom_1617228366683{padding-right: 10% !important;padding-left: 10% !important;}&#8220;] Dimarciano Cavalier ist ein kleines Unternehmen mit gro\u00dfen Pl\u00e4nen. Die Materialien und Technologien, die wir verwenden, sind innovativ und ungew\u00f6hnlich im Bereich Luxushandtaschen. Unsere Handtaschen sind aus einem gro\u00dfen Interesse an neuen Materialien und dem Willen erwachsen, etwas Innovatives zu tun. Die gesamte Produktion [&hellip;]\" \/>\n<meta property=\"og:url\" content=\"https:\/\/dimarciano.com\/de\/ueber-uns\/\" \/>\n<meta property=\"og:site_name\" content=\"Dimarciano\" \/>\n<meta name=\"twitter:card\" content=\"summary_large_image\" \/>\n<meta name=\"twitter:label1\" content=\"Gesch\u00e4tzte Lesezeit\" \/>\n\t<meta name=\"twitter:data1\" content=\"1\u00a0Minute\" \/>\n<script type=\"application\/ld+json\" class=\"yoast-schema-graph\">{\"@context\":\"https:\/\/schema.org\",\"@graph\":[{\"@type\":\"WebPage\",\"@id\":\"https:\/\/dimarciano.com\/de\/ueber-uns\/\",\"url\":\"https:\/\/dimarciano.com\/de\/ueber-uns\/\",\"name\":\"\u00dcber uns - Dimarciano\",\"isPartOf\":{\"@id\":\"https:\/\/dimarciano.com\/#website\"},\"datePublished\":\"2021-04-29T18:43:00+00:00\",\"dateModified\":\"2021-04-29T18:43:00+00:00\",\"breadcrumb\":{\"@id\":\"https:\/\/dimarciano.com\/de\/ueber-uns\/#breadcrumb\"},\"inLanguage\":\"de\",\"potentialAction\":[{\"@type\":\"ReadAction\",\"target\":[\"https:\/\/dimarciano.com\/de\/ueber-uns\/\"]}]},{\"@type\":\"BreadcrumbList\",\"@id\":\"https:\/\/dimarciano.com\/de\/ueber-uns\/#breadcrumb\",\"itemListElement\":[{\"@type\":\"ListItem\",\"position\":1,\"name\":\"Home\",\"item\":\"https:\/\/dimarciano.com\/de\/\"},{\"@type\":\"ListItem\",\"position\":2,\"name\":\"\u00dcber uns\"}]},{\"@type\":\"WebSite\",\"@id\":\"https:\/\/dimarciano.com\/#website\",\"url\":\"https:\/\/dimarciano.com\/\",\"name\":\"Dimarciano\",\"description\":\"\",\"potentialAction\":[{\"@type\":\"SearchAction\",\"target\":{\"@type\":\"EntryPoint\",\"urlTemplate\":\"https:\/\/dimarciano.com\/?s={search_term_string}\"},\"query-input\":\"required name=search_term_string\"}],\"inLanguage\":\"de\"}]}<\/script>\n<!-- \/ Yoast SEO plugin. -->","yoast_head_json":{"title":"\u00dcber uns - Dimarciano","robots":{"index":"index","follow":"follow","max-snippet":"max-snippet:-1","max-image-preview":"max-image-preview:large","max-video-preview":"max-video-preview:-1"},"canonical":"https:\/\/dimarciano.com\/de\/ueber-uns\/","og_locale":"de_DE","og_type":"article","og_title":"\u00dcber uns - Dimarciano","og_description":"[vc_row][vc_column width=&#8220;1\/4&#8243;][vc_single_image image=&#8220;6176&#8243; img_size=&#8220;large&#8220; alignment=&#8220;center&#8220;][\/vc_column][vc_column width=&#8220;1\/2&#8243;][vc_column_text css=&#8220;.vc_custom_1617228366683{padding-right: 10% !important;padding-left: 10% !important;}&#8220;] Dimarciano Cavalier ist ein kleines Unternehmen mit gro\u00dfen Pl\u00e4nen. Die Materialien und Technologien, die wir verwenden, sind innovativ und ungew\u00f6hnlich im Bereich Luxushandtaschen. Unsere Handtaschen sind aus einem gro\u00dfen Interesse an neuen Materialien und dem Willen erwachsen, etwas Innovatives zu tun. Die gesamte Produktion [&hellip;]","og_url":"https:\/\/dimarciano.com\/de\/ueber-uns\/","og_site_name":"Dimarciano","twitter_card":"summary_large_image","twitter_misc":{"Gesch\u00e4tzte Lesezeit":"1\u00a0Minute"},"schema":{"@context":"https:\/\/schema.org","@graph":[{"@type":"WebPage","@id":"https:\/\/dimarciano.com\/de\/ueber-uns\/","url":"https:\/\/dimarciano.com\/de\/ueber-uns\/","name":"\u00dcber uns - Dimarciano","isPartOf":{"@id":"https:\/\/dimarciano.com\/#website"},"datePublished":"2021-04-29T18:43:00+00:00","dateModified":"2021-04-29T18:43:00+00:00","breadcrumb":{"@id":"https:\/\/dimarciano.com\/de\/ueber-uns\/#breadcrumb"},"inLanguage":"de","potentialAction":[{"@type":"ReadAction","target":["https:\/\/dimarciano.com\/de\/ueber-uns\/"]}]},{"@type":"BreadcrumbList","@id":"https:\/\/dimarciano.com\/de\/ueber-uns\/#breadcrumb","itemListElement":[{"@type":"ListItem","position":1,"name":"Home","item":"https:\/\/dimarciano.com\/de\/"},{"@type":"ListItem","position":2,"name":"\u00dcber uns"}]},{"@type":"WebSite","@id":"https:\/\/dimarciano.com\/#website","url":"https:\/\/dimarciano.com\/","name":"Dimarciano","description":"","potentialAction":[{"@type":"SearchAction","target":{"@type":"EntryPoint","urlTemplate":"https:\/\/dimarciano.com\/?s={search_term_string}"},"query-input":"required name=search_term_string"}],"inLanguage":"de"}]}},"_links":{"self":[{"href":"https:\/\/dimarciano.com\/de\/wp-json\/wp\/v2\/pages\/6726","targetHints":{"allow":["GET"]}}],"collection":[{"href":"https:\/\/dimarciano.com\/de\/wp-json\/wp\/v2\/pages"}],"about":[{"href":"https:\/\/dimarciano.com\/de\/wp-json\/wp\/v2\/types\/page"}],"author":[{"embeddable":true,"href":"https:\/\/dimarciano.com\/de\/wp-json\/wp\/v2\/users\/1"}],"replies":[{"embeddable":true,"href":"https:\/\/dimarciano.com\/de\/wp-json\/wp\/v2\/comments?post=6726"}],"version-history":[{"count":3,"href":"https:\/\/dimarciano.com\/de\/wp-json\/wp\/v2\/pages\/6726\/revisions"}],"predecessor-version":[{"id":6729,"href":"https:\/\/dimarciano.com\/de\/wp-json\/wp\/v2\/pages\/6726\/revisions\/6729"}],"wp:attachment":[{"href":"https:\/\/dimarciano.com\/de\/wp-json\/wp\/v2\/media?parent=6726"}],"curies":[{"name":"wp","href":"https:\/\/api.w.org\/{rel}","templated":true}]}}