{"id":6731,"date":"2021-04-29T19:27:59","date_gmt":"2021-04-29T19:27:59","guid":{"rendered":"https:\/\/dimarciano.com\/verkaufsbedingungen\/"},"modified":"2021-05-08T15:07:26","modified_gmt":"2021-05-08T15:07:26","slug":"verkaufsbedingungen","status":"publish","type":"page","link":"https:\/\/dimarciano.com\/de\/verkaufsbedingungen\/","title":{"rendered":"Verkaufsbedingungen"},"content":{"rendered":"<p>Der Eigent\u00fcmer des Online-Shops Dimarciano.com (nachfolgend Online-Shop) ist Dimarciano Cavalier O\u00dc (Registernummer 16078671), mit dem Sitz in Erna P\u00f5ik 2, 76907, Estland.<\/p>\n<h3>G\u00fcltigkeit des Kaufvertrags, Waren- und Preisinformationen<\/h3>\n<p>Die Verkaufsbedingungen gelten beim Kaufen von Waren im Online-Shop.<br \/>\nDie Preise der im Online-Shop verkauften Produkte sind bei den Produkten angegeben. Zus\u00e4tzlich zum Preis f\u00e4llt eine Versandgeb\u00fchr an.<br \/>\nDie Versandgeb\u00fchr h\u00e4ngt vom Standort des K\u00e4ufers und der Versandart ab. Die Versandgeb\u00fchr wird dem K\u00e4ufer bei Ausfertigung der Bestellung angezeigt.<br \/>\nInformationen zur Ware sind im Online-Shop unmittelbar bei der Ware angezeigt.<\/p>\n<h3>Ausfertigung der Bestellung<\/h3>\n<p>Um die Ware zu bestellen, m\u00fcssen die gew\u00fcnschten Produkte in den Warenkorb gelegt werden. Zur Ausfertigung der Bestellung m\u00fcssen die erforderlichen Datenfelder ausgef\u00fcllt und die geeignete Versandart ausgew\u00e4hlt werden. Anschlie\u00dfend wird auf dem Bildschirm die Geb\u00fchr angezeigt, die \u00fcber einen Zahlungslink oder eine andere Zahlungsl\u00f6sung bezahlt werden kann.<br \/>\nDer Vertrag tritt mit Eingang der f\u00e4lligen Summe auf dem Girokonto des Online-Shops in Kraft.<br \/>\nWenn die bestellten Waren im Zusammenhang damit, dass die Waren zu Ende gegangen sind oder aus einem anderen Grund nicht geliefert werden k\u00f6nnen, wird der K\u00e4ufer dar\u00fcber bei erster Gelegenheit informiert und das bezahlte Geld (inkl. Versandgeb\u00fchr) unverz\u00fcglich, jedoch nicht sp\u00e4ter als innerhalb von 14 Tagen nach Absendung der Mitteilung zur\u00fcckerstattet.<\/p>\n<h3>Beschwerderecht<\/h3>\n<p>Der Online-Shop haftet f\u00fcr die Nicht\u00fcbereinstimmung mit den Vertragsbedingungen oder den Mangel der an den K\u00e4ufer verkauften Ware, die bereits zum Zeitpunkt der \u00dcbergabe der Sache bestanden haben und die innerhalb von zwei Jahren nach \u00dcbergabe der Ware an den K\u00e4ufer ersichtlich werden. In den ersten sechs Monaten ab \u00dcbergabe der Sache an den K\u00e4ufer wird vorausgesetzt, dass der Mangel bereits zum Zeitpunkt der \u00dcbergabe der Sache vorhanden war. Die Widerlegung der jeweiligen Voraussetzung ist eine Pflicht des Online-Shops.<br \/>\nDer K\u00e4ufer hat das Recht, sich beim Ersichtlich werden eines Mangels innerhalb von zwei Monaten an den Online-Shop zu wenden, indem er eine E-Mail an die Adresse <a href=\"mailto:info@dimarciano.com\">info@dimarciano.com<\/a> sendet oder telefonisch anruft: +372 57 85 9565.<br \/>\nDer Online-Shop haftet nicht f\u00fcr M\u00e4ngel, die nach \u00dcbergabe der Ware an den K\u00e4ufer entstanden sind.<br \/>\nWenn die im Online-Shop gekaufte Ware M\u00e4ngel aufweist, f\u00fcr die der Online-Shop haftet, wird der Online-Shop die mangelhafte Ware reparieren oder ersetzen. Wenn es nicht m\u00f6glich ist, die Ware zu reparieren oder zu ersetzen, wird der Online-Shop dem K\u00e4ufer alle mit dem Kaufvertrag einhergegangenen Geb\u00fchren zur\u00fcckerstatten.<br \/>\nDer Online-Shop antwortet auf die vom Verbraucher eingereichte Beschwerde schriftlich oder in einer schriftliche Wiedergabe erm\u00f6glichenden Form innerhalb von 15 Tagen.<\/p>\n<h3>Beilegung von Streitigkeiten<\/h3>\n<p>Wenn der K\u00e4ufer Beschwerden \u00fcber den Online-Shop hat, muss er diese an die E-Mail-Adresse <a href=\"mailto:info@dimarciano.com\">info@dimarciano.com<\/a> senden oder telefonisch anrufen: +372 57 85 9565.<br \/>\nWenn der K\u00e4ufer und der Online-Shop die Streitigkeit nicht einvernehmlich l\u00f6sen k\u00f6nnen, kann sich der K\u00e4ufer an den Ausschuss f\u00fcr Verbraucherstreitigkeiten wenden. Die Verfahrensbedingungen kann man einsehen und den Antrag einreichen <a href=\"https:\/\/komisjon.ee\/et\/avalduse-esitamine\" target=\"_blank\" rel=\"noopener\">hier<\/a>. Der Ausschuss f\u00fcr Verbraucherstreitigkeiten ist daf\u00fcr zust\u00e4ndig, die Streitigkeiten aus dem zwischen dem K\u00e4ufer und dem Online-Shop abgeschlossenen Vertrag beizulegen. Die \u00dcberpr\u00fcfung der Beschwerde des K\u00e4ufers im Ausschuss ist kostenlos.<br \/>\nDer K\u00e4ufer kann sich an die Plattform zur Beilegung von Verbraucherstreitigkeiten in der Europ\u00e4ischen Union wenden. N\u00e4here Informationen finden Sie <a href=\"https:\/\/ec.europa.eu\/info\/live-work-travel-eu\/consumer-rights-and-complaints\/resolve-your-consumer-complaint_en\" target=\"_blank\" rel=\"noopener\">hier<\/a>.<\/p>\n","protected":false},"excerpt":{"rendered":"<p>Der Eigent\u00fcmer des Online-Shops Dimarciano.com (nachfolgend Online-Shop) ist Dimarciano Cavalier O\u00dc (Registernummer 16078671), mit dem Sitz in Erna P\u00f5ik 2, 76907, Estland. G\u00fcltigkeit des Kaufvertrags, Waren- und Preisinformationen Die Verkaufsbedingungen gelten beim Kaufen von Waren im Online-Shop. Die Preise der im Online-Shop verkauften Produkte sind bei den Produkten angegeben. Zus\u00e4tzlich zum Preis f\u00e4llt eine Versandgeb\u00fchr ...<\/p>\n","protected":false},"author":1,"featured_media":0,"parent":0,"menu_order":0,"comment_status":"closed","ping_status":"closed","template":"","meta":{"ngg_post_thumbnail":0,"footnotes":""},"class_list":["post-6731","page","type-page","status-publish","hentry"],"yoast_head":"<!-- This site is optimized with the Yoast SEO plugin v22.7 - https:\/\/yoast.com\/wordpress\/plugins\/seo\/ -->\n<title>Verkaufsbedingungen - Dimarciano<\/title>\n<meta name=\"robots\" content=\"index, follow, max-snippet:-1, max-image-preview:large, max-video-preview:-1\" \/>\n<link rel=\"canonical\" href=\"https:\/\/dimarciano.com\/de\/verkaufsbedingungen\/\" \/>\n<meta property=\"og:locale\" content=\"de_DE\" \/>\n<meta property=\"og:type\" content=\"article\" \/>\n<meta property=\"og:title\" content=\"Verkaufsbedingungen - Dimarciano\" \/>\n<meta property=\"og:description\" content=\"Der Eigent\u00fcmer des Online-Shops Dimarciano.com (nachfolgend Online-Shop) ist Dimarciano Cavalier O\u00dc (Registernummer 16078671), mit dem Sitz in Erna P\u00f5ik 2, 76907, Estland. G\u00fcltigkeit des Kaufvertrags, Waren- und Preisinformationen Die Verkaufsbedingungen gelten beim Kaufen von Waren im Online-Shop. Die Preise der im Online-Shop verkauften Produkte sind bei den Produkten angegeben. Zus\u00e4tzlich zum Preis f\u00e4llt eine Versandgeb\u00fchr [&hellip;]\" \/>\n<meta property=\"og:url\" content=\"https:\/\/dimarciano.com\/de\/verkaufsbedingungen\/\" \/>\n<meta property=\"og:site_name\" content=\"Dimarciano\" \/>\n<meta property=\"article:modified_time\" content=\"2021-05-08T15:07:26+00:00\" \/>\n<meta name=\"twitter:card\" content=\"summary_large_image\" \/>\n<meta name=\"twitter:label1\" content=\"Gesch\u00e4tzte Lesezeit\" \/>\n\t<meta name=\"twitter:data1\" content=\"3\u00a0Minuten\" \/>\n<script type=\"application\/ld+json\" class=\"yoast-schema-graph\">{\"@context\":\"https:\/\/schema.org\",\"@graph\":[{\"@type\":\"WebPage\",\"@id\":\"https:\/\/dimarciano.com\/de\/verkaufsbedingungen\/\",\"url\":\"https:\/\/dimarciano.com\/de\/verkaufsbedingungen\/\",\"name\":\"Verkaufsbedingungen - Dimarciano\",\"isPartOf\":{\"@id\":\"https:\/\/dimarciano.com\/#website\"},\"datePublished\":\"2021-04-29T19:27:59+00:00\",\"dateModified\":\"2021-05-08T15:07:26+00:00\",\"breadcrumb\":{\"@id\":\"https:\/\/dimarciano.com\/de\/verkaufsbedingungen\/#breadcrumb\"},\"inLanguage\":\"de\",\"potentialAction\":[{\"@type\":\"ReadAction\",\"target\":[\"https:\/\/dimarciano.com\/de\/verkaufsbedingungen\/\"]}]},{\"@type\":\"BreadcrumbList\",\"@id\":\"https:\/\/dimarciano.com\/de\/verkaufsbedingungen\/#breadcrumb\",\"itemListElement\":[{\"@type\":\"ListItem\",\"position\":1,\"name\":\"Home\",\"item\":\"https:\/\/dimarciano.com\/de\/\"},{\"@type\":\"ListItem\",\"position\":2,\"name\":\"Verkaufsbedingungen\"}]},{\"@type\":\"WebSite\",\"@id\":\"https:\/\/dimarciano.com\/#website\",\"url\":\"https:\/\/dimarciano.com\/\",\"name\":\"Dimarciano\",\"description\":\"\",\"potentialAction\":[{\"@type\":\"SearchAction\",\"target\":{\"@type\":\"EntryPoint\",\"urlTemplate\":\"https:\/\/dimarciano.com\/?s={search_term_string}\"},\"query-input\":\"required name=search_term_string\"}],\"inLanguage\":\"de\"}]}<\/script>\n<!-- \/ Yoast SEO plugin. -->","yoast_head_json":{"title":"Verkaufsbedingungen - Dimarciano","robots":{"index":"index","follow":"follow","max-snippet":"max-snippet:-1","max-image-preview":"max-image-preview:large","max-video-preview":"max-video-preview:-1"},"canonical":"https:\/\/dimarciano.com\/de\/verkaufsbedingungen\/","og_locale":"de_DE","og_type":"article","og_title":"Verkaufsbedingungen - Dimarciano","og_description":"Der Eigent\u00fcmer des Online-Shops Dimarciano.com (nachfolgend Online-Shop) ist Dimarciano Cavalier O\u00dc (Registernummer 16078671), mit dem Sitz in Erna P\u00f5ik 2, 76907, Estland. G\u00fcltigkeit des Kaufvertrags, Waren- und Preisinformationen Die Verkaufsbedingungen gelten beim Kaufen von Waren im Online-Shop. Die Preise der im Online-Shop verkauften Produkte sind bei den Produkten angegeben. Zus\u00e4tzlich zum Preis f\u00e4llt eine Versandgeb\u00fchr [&hellip;]","og_url":"https:\/\/dimarciano.com\/de\/verkaufsbedingungen\/","og_site_name":"Dimarciano","article_modified_time":"2021-05-08T15:07:26+00:00","twitter_card":"summary_large_image","twitter_misc":{"Gesch\u00e4tzte Lesezeit":"3\u00a0Minuten"},"schema":{"@context":"https:\/\/schema.org","@graph":[{"@type":"WebPage","@id":"https:\/\/dimarciano.com\/de\/verkaufsbedingungen\/","url":"https:\/\/dimarciano.com\/de\/verkaufsbedingungen\/","name":"Verkaufsbedingungen - Dimarciano","isPartOf":{"@id":"https:\/\/dimarciano.com\/#website"},"datePublished":"2021-04-29T19:27:59+00:00","dateModified":"2021-05-08T15:07:26+00:00","breadcrumb":{"@id":"https:\/\/dimarciano.com\/de\/verkaufsbedingungen\/#breadcrumb"},"inLanguage":"de","potentialAction":[{"@type":"ReadAction","target":["https:\/\/dimarciano.com\/de\/verkaufsbedingungen\/"]}]},{"@type":"BreadcrumbList","@id":"https:\/\/dimarciano.com\/de\/verkaufsbedingungen\/#breadcrumb","itemListElement":[{"@type":"ListItem","position":1,"name":"Home","item":"https:\/\/dimarciano.com\/de\/"},{"@type":"ListItem","position":2,"name":"Verkaufsbedingungen"}]},{"@type":"WebSite","@id":"https:\/\/dimarciano.com\/#website","url":"https:\/\/dimarciano.com\/","name":"Dimarciano","description":"","potentialAction":[{"@type":"SearchAction","target":{"@type":"EntryPoint","urlTemplate":"https:\/\/dimarciano.com\/?s={search_term_string}"},"query-input":"required name=search_term_string"}],"inLanguage":"de"}]}},"_links":{"self":[{"href":"https:\/\/dimarciano.com\/de\/wp-json\/wp\/v2\/pages\/6731","targetHints":{"allow":["GET"]}}],"collection":[{"href":"https:\/\/dimarciano.com\/de\/wp-json\/wp\/v2\/pages"}],"about":[{"href":"https:\/\/dimarciano.com\/de\/wp-json\/wp\/v2\/types\/page"}],"author":[{"embeddable":true,"href":"https:\/\/dimarciano.com\/de\/wp-json\/wp\/v2\/users\/1"}],"replies":[{"embeddable":true,"href":"https:\/\/dimarciano.com\/de\/wp-json\/wp\/v2\/comments?post=6731"}],"version-history":[{"count":2,"href":"https:\/\/dimarciano.com\/de\/wp-json\/wp\/v2\/pages\/6731\/revisions"}],"predecessor-version":[{"id":6791,"href":"https:\/\/dimarciano.com\/de\/wp-json\/wp\/v2\/pages\/6731\/revisions\/6791"}],"wp:attachment":[{"href":"https:\/\/dimarciano.com\/de\/wp-json\/wp\/v2\/media?parent=6731"}],"curies":[{"name":"wp","href":"https:\/\/api.w.org\/{rel}","templated":true}]}}