{"id":6747,"date":"2021-05-08T13:21:53","date_gmt":"2021-05-08T13:21:53","guid":{"rendered":"https:\/\/dimarciano.com\/widerrufsrecht\/"},"modified":"2021-05-08T13:21:53","modified_gmt":"2021-05-08T13:21:53","slug":"widerrufsrecht","status":"publish","type":"page","link":"https:\/\/dimarciano.com\/de\/widerrufsrecht\/","title":{"rendered":"Widerrufsrecht"},"content":{"rendered":"<h3><strong>Widerrufsrecht<\/strong><\/h3>\n<p>Nach Erhalt der Bestellung hat der K\u00e4ufer das Recht, innerhalb von 14 Tagen den im Online-Shop abgeschlossenen Vertrag zu widerrufen.<\/p>\n<p>Das Widerrufsrecht gilt nicht, wenn der K\u00e4ufer eine juristische Person ist.<\/p>\n<p>Zur Aus\u00fcbung des 14-t\u00e4gigen R\u00fcckgaberechts darf die bestellte Ware auf keine andere Weise verwendet werden, als dies zur Feststellung der Beschaffenheit, Eigenschaften und Funktionsweise der Ware auf eine f\u00fcr die \u00dcberpr\u00fcfung der Ware in einem physischen Gesch\u00e4ft zul\u00e4ssige Weise erforderlich ist.<\/p>\n<p>Wenn die Ware zu anderen als den zur Feststellung der Beschaffenheit, Eigenschaften und Funktionsweise der Ware erforderlichen Zwecken verwendet wurde oder die Ware Gebrauchs- oder Verschlei\u00dfspuren aufweist, hat der Online-Shop das Recht, die zur\u00fcckzuerstattende Geb\u00fchr entsprechend der Wertminderung der Ware zu reduzieren.<\/p>\n<p>Zur R\u00fcckgabe der Ware muss ein Antrag auf Widerruf des Wareneinkaufs eingereicht und sp\u00e4testens innerhalb von 14 Tagen ab Erhalt der Ware an die E-Mail-Adresse <a href=\"mailto:info@dimarciano.com\">info@dimarciano.com<\/a> gesendet werden. Informationen, die im Antrag anzugeben sind:<\/p>\n<ul>\n<li>Empf\u00e4ger: Dimarciano Cavalier O\u00dc; Erna P\u00f5ik 2, 76907 Harku vald, Estland; <a href=\"mailto:info@dimarciano.com\">info@dimarciano.com<\/a><\/li>\n<li>Hiermit widerrufe ich \/ widerrufen wir den Vertrag (Nr. des Vertrags \/ der Rechnung), dessen Gegenstand die folgende Sache \/ Dienstleistung ist<\/li>\n<li>Datum der Aufgabe der Bestellung \/ Datum des Erhalts des Gegenstands<\/li>\n<li>Name des Verbrauchers \/ Namen der Verbraucher<\/li>\n<li>Adresse des Verbrauchers \/ Adressen der Verbraucher<\/li>\n<li>Girokonto des Verbrauchers \/ Girokonten der Verbraucher<\/li>\n<li>Unterschrift des Verbrauchers \/ Unterschriften der Verbraucher (Nur wenn dieses Formular auf Papier vorgelegt wird)<\/li>\n<li>Datum<\/li>\n<\/ul>\n<p>Die Kosten f\u00fcr die R\u00fccksendung der Ware werden vom K\u00e4ufer getragen, es sei denn, der Grund f\u00fcr die R\u00fccksendung ist der Umstand, dass die zur\u00fcckzusendende Sache nicht der Bestellung entspricht (z.B. eine falsche oder mangelhafte Sache).<\/p>\n<p>Der K\u00e4ufer muss die Ware innerhalb von 14 Tagen nach Einreichung des Antrags zur\u00fccksenden oder den Nachweis erbringen, dass er die Ware innerhalb der vorgenannten Periode an den Bef\u00f6rderer der Ware \u00fcbergeben hat.<\/p>\n<p>Nach Erhalt der zur\u00fcckgegebenen Ware wird der Online-Shop dem K\u00e4ufer unverz\u00fcglich, jedoch nicht sp\u00e4ter als nach Ablauf von 14 Tagen ab Erhalt des Widerrufsantrags alle vom K\u00e4ufer aufgrund des Vertrags erhaltenen Geb\u00fchren zur\u00fcckerstatten.<\/p>\n<p>Der Online-Shop kann die R\u00fcckzahlungen verweigern, bis es die Sache, die Gegenstand des Vertrags ist, zur\u00fcckbekommen hat oder bis der K\u00e4ufer die Nachweise erbracht hat, dass er die Sache zur\u00fcckgesandt hat, je nachdem, welches fr\u00fcher stattfindet.<\/p>\n<p>Wenn der K\u00e4ufer ausdr\u00fccklich eine andere Versandart als die vom Online-Shop angebotene billigste \u00fcbliche Versandmethode gew\u00e4hlt hat, muss der Online-Shop dem Verbraucher keine Kosten erstatten, die die mit der \u00fcblichen Versandart verbundenen Kosten \u00fcbersteigen.<\/p>\n<p>Der Online-Shop hat das Recht, das Verkaufsgesch\u00e4ft zu widerrufen und vom K\u00e4ufer die R\u00fcckgabe der Ware zu verlangen, wenn der Preis der Ware im Online-Shop aufgrund eines Fehlers deutlich unter dem Marktpreis der Ware liegt.<\/p>\n","protected":false},"excerpt":{"rendered":"<p>Widerrufsrecht Nach Erhalt der Bestellung hat der K\u00e4ufer das Recht, innerhalb von 14 Tagen den im Online-Shop abgeschlossenen Vertrag zu widerrufen. Das Widerrufsrecht gilt nicht, wenn der K\u00e4ufer eine juristische Person ist. Zur Aus\u00fcbung des 14-t\u00e4gigen R\u00fcckgaberechts darf die bestellte Ware auf keine andere Weise verwendet werden, als dies zur Feststellung der Beschaffenheit, Eigenschaften und ...<\/p>\n","protected":false},"author":1,"featured_media":0,"parent":0,"menu_order":0,"comment_status":"closed","ping_status":"closed","template":"","meta":{"ngg_post_thumbnail":0,"footnotes":""},"class_list":["post-6747","page","type-page","status-publish","hentry"],"yoast_head":"<!-- This site is optimized with the Yoast SEO plugin v22.7 - https:\/\/yoast.com\/wordpress\/plugins\/seo\/ -->\n<title>Widerrufsrecht - Dimarciano<\/title>\n<meta name=\"robots\" content=\"index, follow, max-snippet:-1, max-image-preview:large, max-video-preview:-1\" \/>\n<link rel=\"canonical\" href=\"https:\/\/dimarciano.com\/de\/widerrufsrecht\/\" \/>\n<meta property=\"og:locale\" content=\"de_DE\" \/>\n<meta property=\"og:type\" content=\"article\" \/>\n<meta property=\"og:title\" content=\"Widerrufsrecht - Dimarciano\" \/>\n<meta property=\"og:description\" content=\"Widerrufsrecht Nach Erhalt der Bestellung hat der K\u00e4ufer das Recht, innerhalb von 14 Tagen den im Online-Shop abgeschlossenen Vertrag zu widerrufen. Das Widerrufsrecht gilt nicht, wenn der K\u00e4ufer eine juristische Person ist. Zur Aus\u00fcbung des 14-t\u00e4gigen R\u00fcckgaberechts darf die bestellte Ware auf keine andere Weise verwendet werden, als dies zur Feststellung der Beschaffenheit, Eigenschaften und [&hellip;]\" \/>\n<meta property=\"og:url\" content=\"https:\/\/dimarciano.com\/de\/widerrufsrecht\/\" \/>\n<meta property=\"og:site_name\" content=\"Dimarciano\" \/>\n<meta name=\"twitter:card\" content=\"summary_large_image\" \/>\n<meta name=\"twitter:label1\" content=\"Gesch\u00e4tzte Lesezeit\" \/>\n\t<meta name=\"twitter:data1\" content=\"2\u00a0Minuten\" \/>\n<script type=\"application\/ld+json\" class=\"yoast-schema-graph\">{\"@context\":\"https:\/\/schema.org\",\"@graph\":[{\"@type\":\"WebPage\",\"@id\":\"https:\/\/dimarciano.com\/de\/widerrufsrecht\/\",\"url\":\"https:\/\/dimarciano.com\/de\/widerrufsrecht\/\",\"name\":\"Widerrufsrecht - Dimarciano\",\"isPartOf\":{\"@id\":\"https:\/\/dimarciano.com\/#website\"},\"datePublished\":\"2021-05-08T13:21:53+00:00\",\"dateModified\":\"2021-05-08T13:21:53+00:00\",\"breadcrumb\":{\"@id\":\"https:\/\/dimarciano.com\/de\/widerrufsrecht\/#breadcrumb\"},\"inLanguage\":\"de\",\"potentialAction\":[{\"@type\":\"ReadAction\",\"target\":[\"https:\/\/dimarciano.com\/de\/widerrufsrecht\/\"]}]},{\"@type\":\"BreadcrumbList\",\"@id\":\"https:\/\/dimarciano.com\/de\/widerrufsrecht\/#breadcrumb\",\"itemListElement\":[{\"@type\":\"ListItem\",\"position\":1,\"name\":\"Home\",\"item\":\"https:\/\/dimarciano.com\/de\/\"},{\"@type\":\"ListItem\",\"position\":2,\"name\":\"Widerrufsrecht\"}]},{\"@type\":\"WebSite\",\"@id\":\"https:\/\/dimarciano.com\/#website\",\"url\":\"https:\/\/dimarciano.com\/\",\"name\":\"Dimarciano\",\"description\":\"\",\"potentialAction\":[{\"@type\":\"SearchAction\",\"target\":{\"@type\":\"EntryPoint\",\"urlTemplate\":\"https:\/\/dimarciano.com\/?s={search_term_string}\"},\"query-input\":\"required name=search_term_string\"}],\"inLanguage\":\"de\"}]}<\/script>\n<!-- \/ Yoast SEO plugin. -->","yoast_head_json":{"title":"Widerrufsrecht - Dimarciano","robots":{"index":"index","follow":"follow","max-snippet":"max-snippet:-1","max-image-preview":"max-image-preview:large","max-video-preview":"max-video-preview:-1"},"canonical":"https:\/\/dimarciano.com\/de\/widerrufsrecht\/","og_locale":"de_DE","og_type":"article","og_title":"Widerrufsrecht - Dimarciano","og_description":"Widerrufsrecht Nach Erhalt der Bestellung hat der K\u00e4ufer das Recht, innerhalb von 14 Tagen den im Online-Shop abgeschlossenen Vertrag zu widerrufen. Das Widerrufsrecht gilt nicht, wenn der K\u00e4ufer eine juristische Person ist. Zur Aus\u00fcbung des 14-t\u00e4gigen R\u00fcckgaberechts darf die bestellte Ware auf keine andere Weise verwendet werden, als dies zur Feststellung der Beschaffenheit, Eigenschaften und [&hellip;]","og_url":"https:\/\/dimarciano.com\/de\/widerrufsrecht\/","og_site_name":"Dimarciano","twitter_card":"summary_large_image","twitter_misc":{"Gesch\u00e4tzte Lesezeit":"2\u00a0Minuten"},"schema":{"@context":"https:\/\/schema.org","@graph":[{"@type":"WebPage","@id":"https:\/\/dimarciano.com\/de\/widerrufsrecht\/","url":"https:\/\/dimarciano.com\/de\/widerrufsrecht\/","name":"Widerrufsrecht - Dimarciano","isPartOf":{"@id":"https:\/\/dimarciano.com\/#website"},"datePublished":"2021-05-08T13:21:53+00:00","dateModified":"2021-05-08T13:21:53+00:00","breadcrumb":{"@id":"https:\/\/dimarciano.com\/de\/widerrufsrecht\/#breadcrumb"},"inLanguage":"de","potentialAction":[{"@type":"ReadAction","target":["https:\/\/dimarciano.com\/de\/widerrufsrecht\/"]}]},{"@type":"BreadcrumbList","@id":"https:\/\/dimarciano.com\/de\/widerrufsrecht\/#breadcrumb","itemListElement":[{"@type":"ListItem","position":1,"name":"Home","item":"https:\/\/dimarciano.com\/de\/"},{"@type":"ListItem","position":2,"name":"Widerrufsrecht"}]},{"@type":"WebSite","@id":"https:\/\/dimarciano.com\/#website","url":"https:\/\/dimarciano.com\/","name":"Dimarciano","description":"","potentialAction":[{"@type":"SearchAction","target":{"@type":"EntryPoint","urlTemplate":"https:\/\/dimarciano.com\/?s={search_term_string}"},"query-input":"required name=search_term_string"}],"inLanguage":"de"}]}},"_links":{"self":[{"href":"https:\/\/dimarciano.com\/de\/wp-json\/wp\/v2\/pages\/6747","targetHints":{"allow":["GET"]}}],"collection":[{"href":"https:\/\/dimarciano.com\/de\/wp-json\/wp\/v2\/pages"}],"about":[{"href":"https:\/\/dimarciano.com\/de\/wp-json\/wp\/v2\/types\/page"}],"author":[{"embeddable":true,"href":"https:\/\/dimarciano.com\/de\/wp-json\/wp\/v2\/users\/1"}],"replies":[{"embeddable":true,"href":"https:\/\/dimarciano.com\/de\/wp-json\/wp\/v2\/comments?post=6747"}],"version-history":[{"count":0,"href":"https:\/\/dimarciano.com\/de\/wp-json\/wp\/v2\/pages\/6747\/revisions"}],"wp:attachment":[{"href":"https:\/\/dimarciano.com\/de\/wp-json\/wp\/v2\/media?parent=6747"}],"curies":[{"name":"wp","href":"https:\/\/api.w.org\/{rel}","templated":true}]}}