{"id":6766,"date":"2021-05-08T13:25:14","date_gmt":"2021-05-08T13:25:14","guid":{"rendered":"https:\/\/dimarciano.com\/material\/"},"modified":"2021-05-08T13:25:15","modified_gmt":"2021-05-08T13:25:15","slug":"material","status":"publish","type":"page","link":"https:\/\/dimarciano.com\/de\/material\/","title":{"rendered":"Material"},"content":{"rendered":"<div class=\"wpb-content-wrapper\"><p>[vc_row][vc_column width=&#8220;1\/4&#8243;][vc_single_image image=&#8220;5780&#8243; img_size=&#8220;large&#8220; alignment=&#8220;center&#8220;][\/vc_column][vc_column width=&#8220;1\/2&#8243;]<div class = \"romeo-handwriting  vc_custom_1617228371250\"><div style = \"text-align : center; font-size : 60px;\">Dimarciano Cavalier<\/div><\/div>[vc_column_text css=&#8220;.vc_custom_1617228366683{padding-right: 10% !important;padding-left: 10% !important;}&#8220;]<\/p>\n<p style=\"text-align: center;\">Kohlenstofffasern bestehen aus Kohlenstoffatomen und werden manchmal auch als Graphitfasern bezeichnet.<\/p>\n<p style=\"text-align: center;\">Kohlenstofffaser hat mehrere Vorteile, einschlie\u00dflich Steifheit, hohe Zugfestigkeit, geringes Gewicht, gute chemische Best\u00e4ndigkeit, hohe Temperaturbest\u00e4ndigkeit und geringe W\u00e4rmeausdehnung. Diese Eigenschaften haben Kohlenstofffaser in Bereichen wie Luftfahrt, Bau- und Milit\u00e4rwesen, Motorsport und anderen Leistungssportarten beliebt gemacht.<\/p>\n<p style=\"text-align: center;\">Kevlar ist eine hitzebest\u00e4ndige und starke synthetische Faser, die mit anderen Aramiden wie Nomex und Technora verbunden ist.<\/p>\n<p style=\"text-align: center;\">Kevlar hat viele Anwendungen, von Fahrradreifen und Rennsegeln bis hin zu kugelsicheren Westen, weil Kevlar aufgrund seines Verh\u00e4ltnisses von Zugfestigkeit zu Gewicht f\u00fcnfmal st\u00e4rker als Stahl ist.<\/p>\n<p style=\"text-align: center;\">Red Twill Gewebe aus Kohlenstofffaser &#8211; ein dekoratives Kohlenstofffaser-Hybridgewebe, das hergestellt wird, indem echte Kohlenstofffasern mit auff\u00e4lligen roten Polyestergarnen verflochten werden, um einen schwarz-roten Kohlenstofffaser-Look zu erzielen.<\/p>\n<p style=\"text-align: center;\">Blau Twill Gewebe aus Kohlenstofffaser &#8211; ein dekoratives Kohlenstofffaser-Hybridgewebe, das hergestellt wird, indem echte Kohlenstofffasern mit auff\u00e4lligen blauen Polyestergarnen verflochten werden, um einen schwarz-roten Kohlenstofffaser-Look zu erzielen.<\/p>\n<p>[\/vc_column_text][\/vc_column][vc_column width=&#8220;1\/4&#8243;][vc_single_image image=&#8220;5893&#8243; img_size=&#8220;large&#8220; alignment=&#8220;center&#8220;][\/vc_column][\/vc_row]<\/p>\n<\/div>","protected":false},"excerpt":{"rendered":"<p>[vc_row][vc_column width=&#8220;1\/4&#8243;][vc_single_image image=&#8220;5780&#8243; img_size=&#8220;large&#8220; alignment=&#8220;center&#8220;][\/vc_column][vc_column width=&#8220;1\/2&#8243;][vc_column_text css=&#8220;.vc_custom_1617228366683{padding-right: 10% !important;padding-left: 10% !important;}&#8220;] Kohlenstofffasern bestehen aus Kohlenstoffatomen und werden manchmal auch als Graphitfasern bezeichnet. Kohlenstofffaser hat mehrere Vorteile, einschlie\u00dflich Steifheit, hohe Zugfestigkeit, geringes Gewicht, gute chemische Best\u00e4ndigkeit, hohe Temperaturbest\u00e4ndigkeit und geringe W\u00e4rmeausdehnung. Diese Eigenschaften haben Kohlenstofffaser in Bereichen wie Luftfahrt, Bau- und Milit\u00e4rwesen, Motorsport und anderen Leistungssportarten ...<\/p>\n","protected":false},"author":1,"featured_media":0,"parent":0,"menu_order":0,"comment_status":"closed","ping_status":"closed","template":"template-no-title-fullwidth.php","meta":{"ngg_post_thumbnail":0,"footnotes":""},"class_list":["post-6766","page","type-page","status-publish","hentry"],"yoast_head":"<!-- This site is optimized with the Yoast SEO plugin v22.7 - https:\/\/yoast.com\/wordpress\/plugins\/seo\/ -->\n<title>Material - Dimarciano<\/title>\n<meta name=\"robots\" content=\"index, follow, max-snippet:-1, max-image-preview:large, max-video-preview:-1\" \/>\n<link rel=\"canonical\" href=\"https:\/\/dimarciano.com\/de\/material\/\" \/>\n<meta property=\"og:locale\" content=\"de_DE\" \/>\n<meta property=\"og:type\" content=\"article\" \/>\n<meta property=\"og:title\" content=\"Material - Dimarciano\" \/>\n<meta property=\"og:description\" content=\"[vc_row][vc_column width=&#8220;1\/4&#8243;][vc_single_image image=&#8220;5780&#8243; img_size=&#8220;large&#8220; alignment=&#8220;center&#8220;][\/vc_column][vc_column width=&#8220;1\/2&#8243;][vc_column_text css=&#8220;.vc_custom_1617228366683{padding-right: 10% !important;padding-left: 10% !important;}&#8220;] Kohlenstofffasern bestehen aus Kohlenstoffatomen und werden manchmal auch als Graphitfasern bezeichnet. Kohlenstofffaser hat mehrere Vorteile, einschlie\u00dflich Steifheit, hohe Zugfestigkeit, geringes Gewicht, gute chemische Best\u00e4ndigkeit, hohe Temperaturbest\u00e4ndigkeit und geringe W\u00e4rmeausdehnung. Diese Eigenschaften haben Kohlenstofffaser in Bereichen wie Luftfahrt, Bau- und Milit\u00e4rwesen, Motorsport und anderen Leistungssportarten [&hellip;]\" \/>\n<meta property=\"og:url\" content=\"https:\/\/dimarciano.com\/de\/material\/\" \/>\n<meta property=\"og:site_name\" content=\"Dimarciano\" \/>\n<meta property=\"article:modified_time\" content=\"2021-05-08T13:25:15+00:00\" \/>\n<meta name=\"twitter:card\" content=\"summary_large_image\" \/>\n<meta name=\"twitter:label1\" content=\"Gesch\u00e4tzte Lesezeit\" \/>\n\t<meta name=\"twitter:data1\" content=\"1\u00a0Minute\" \/>\n<script type=\"application\/ld+json\" class=\"yoast-schema-graph\">{\"@context\":\"https:\/\/schema.org\",\"@graph\":[{\"@type\":\"WebPage\",\"@id\":\"https:\/\/dimarciano.com\/de\/material\/\",\"url\":\"https:\/\/dimarciano.com\/de\/material\/\",\"name\":\"Material - Dimarciano\",\"isPartOf\":{\"@id\":\"https:\/\/dimarciano.com\/#website\"},\"datePublished\":\"2021-05-08T13:25:14+00:00\",\"dateModified\":\"2021-05-08T13:25:15+00:00\",\"breadcrumb\":{\"@id\":\"https:\/\/dimarciano.com\/de\/material\/#breadcrumb\"},\"inLanguage\":\"de\",\"potentialAction\":[{\"@type\":\"ReadAction\",\"target\":[\"https:\/\/dimarciano.com\/de\/material\/\"]}]},{\"@type\":\"BreadcrumbList\",\"@id\":\"https:\/\/dimarciano.com\/de\/material\/#breadcrumb\",\"itemListElement\":[{\"@type\":\"ListItem\",\"position\":1,\"name\":\"Home\",\"item\":\"https:\/\/dimarciano.com\/de\/\"},{\"@type\":\"ListItem\",\"position\":2,\"name\":\"Material\"}]},{\"@type\":\"WebSite\",\"@id\":\"https:\/\/dimarciano.com\/#website\",\"url\":\"https:\/\/dimarciano.com\/\",\"name\":\"Dimarciano\",\"description\":\"\",\"potentialAction\":[{\"@type\":\"SearchAction\",\"target\":{\"@type\":\"EntryPoint\",\"urlTemplate\":\"https:\/\/dimarciano.com\/?s={search_term_string}\"},\"query-input\":\"required name=search_term_string\"}],\"inLanguage\":\"de\"}]}<\/script>\n<!-- \/ Yoast SEO plugin. -->","yoast_head_json":{"title":"Material - Dimarciano","robots":{"index":"index","follow":"follow","max-snippet":"max-snippet:-1","max-image-preview":"max-image-preview:large","max-video-preview":"max-video-preview:-1"},"canonical":"https:\/\/dimarciano.com\/de\/material\/","og_locale":"de_DE","og_type":"article","og_title":"Material - Dimarciano","og_description":"[vc_row][vc_column width=&#8220;1\/4&#8243;][vc_single_image image=&#8220;5780&#8243; img_size=&#8220;large&#8220; alignment=&#8220;center&#8220;][\/vc_column][vc_column width=&#8220;1\/2&#8243;][vc_column_text css=&#8220;.vc_custom_1617228366683{padding-right: 10% !important;padding-left: 10% !important;}&#8220;] Kohlenstofffasern bestehen aus Kohlenstoffatomen und werden manchmal auch als Graphitfasern bezeichnet. Kohlenstofffaser hat mehrere Vorteile, einschlie\u00dflich Steifheit, hohe Zugfestigkeit, geringes Gewicht, gute chemische Best\u00e4ndigkeit, hohe Temperaturbest\u00e4ndigkeit und geringe W\u00e4rmeausdehnung. Diese Eigenschaften haben Kohlenstofffaser in Bereichen wie Luftfahrt, Bau- und Milit\u00e4rwesen, Motorsport und anderen Leistungssportarten [&hellip;]","og_url":"https:\/\/dimarciano.com\/de\/material\/","og_site_name":"Dimarciano","article_modified_time":"2021-05-08T13:25:15+00:00","twitter_card":"summary_large_image","twitter_misc":{"Gesch\u00e4tzte Lesezeit":"1\u00a0Minute"},"schema":{"@context":"https:\/\/schema.org","@graph":[{"@type":"WebPage","@id":"https:\/\/dimarciano.com\/de\/material\/","url":"https:\/\/dimarciano.com\/de\/material\/","name":"Material - Dimarciano","isPartOf":{"@id":"https:\/\/dimarciano.com\/#website"},"datePublished":"2021-05-08T13:25:14+00:00","dateModified":"2021-05-08T13:25:15+00:00","breadcrumb":{"@id":"https:\/\/dimarciano.com\/de\/material\/#breadcrumb"},"inLanguage":"de","potentialAction":[{"@type":"ReadAction","target":["https:\/\/dimarciano.com\/de\/material\/"]}]},{"@type":"BreadcrumbList","@id":"https:\/\/dimarciano.com\/de\/material\/#breadcrumb","itemListElement":[{"@type":"ListItem","position":1,"name":"Home","item":"https:\/\/dimarciano.com\/de\/"},{"@type":"ListItem","position":2,"name":"Material"}]},{"@type":"WebSite","@id":"https:\/\/dimarciano.com\/#website","url":"https:\/\/dimarciano.com\/","name":"Dimarciano","description":"","potentialAction":[{"@type":"SearchAction","target":{"@type":"EntryPoint","urlTemplate":"https:\/\/dimarciano.com\/?s={search_term_string}"},"query-input":"required name=search_term_string"}],"inLanguage":"de"}]}},"_links":{"self":[{"href":"https:\/\/dimarciano.com\/de\/wp-json\/wp\/v2\/pages\/6766","targetHints":{"allow":["GET"]}}],"collection":[{"href":"https:\/\/dimarciano.com\/de\/wp-json\/wp\/v2\/pages"}],"about":[{"href":"https:\/\/dimarciano.com\/de\/wp-json\/wp\/v2\/types\/page"}],"author":[{"embeddable":true,"href":"https:\/\/dimarciano.com\/de\/wp-json\/wp\/v2\/users\/1"}],"replies":[{"embeddable":true,"href":"https:\/\/dimarciano.com\/de\/wp-json\/wp\/v2\/comments?post=6766"}],"version-history":[{"count":3,"href":"https:\/\/dimarciano.com\/de\/wp-json\/wp\/v2\/pages\/6766\/revisions"}],"predecessor-version":[{"id":6769,"href":"https:\/\/dimarciano.com\/de\/wp-json\/wp\/v2\/pages\/6766\/revisions\/6769"}],"wp:attachment":[{"href":"https:\/\/dimarciano.com\/de\/wp-json\/wp\/v2\/media?parent=6766"}],"curies":[{"name":"wp","href":"https:\/\/api.w.org\/{rel}","templated":true}]}}