{"id":6777,"date":"2021-05-08T14:09:42","date_gmt":"2021-05-08T14:09:42","guid":{"rendered":"https:\/\/dimarciano.com\/anlieferung\/"},"modified":"2021-05-08T14:09:42","modified_gmt":"2021-05-08T14:09:42","slug":"anlieferung","status":"publish","type":"page","link":"https:\/\/dimarciano.com\/de\/anlieferung\/","title":{"rendered":"Anlieferung"},"content":{"rendered":"<p><strong>Anlieferung<\/strong><\/p>\n<p>Die Ware wird in Estland per DPD geliefert und die Lieferzeit betr\u00e4gt ca. 1-3 Tage. In anderen Teilen der Welt verwenden wir DHL und die Lieferzeit h\u00e4ngt vom Standort ab.<\/p>\n<p>Die Versandkosten der Ware werden vom K\u00e4ufer getragen und die jeweiligen Preisinformationen werden neben der Versandart angezeigt.<\/p>\n<p>Die angezeigten Lieferzeiten sind informativ und Dimarciano Cavalier O\u00dc \u00fcbernimmt keine Haftung f\u00fcr Verz\u00f6gerung der Lieferzeit, die durch Versp\u00e4tungen von Kurierfirmen, Zollformalit\u00e4ten und andere von uns nicht zu vertretende Gr\u00fcnde bedingt sind.<\/p>\n<p>F\u00fcr Kunden au\u00dferhalb der EU-Staaten gelten alle relevanten Einfuhrz\u00f6lle und Umsatzsteuern. Weil wir die genauen Steuersummen nicht angeben k\u00f6nnen, empfehlen wir Ihnen, sich vor Aufgabe der Bestellung an das \u00f6rtliche Zoll- oder Finanzamt zu wenden, um n\u00e4here Informationen zu erhalten.<\/p>\n","protected":false},"excerpt":{"rendered":"<p>Anlieferung Die Ware wird in Estland per DPD geliefert und die Lieferzeit betr\u00e4gt ca. 1-3 Tage. In anderen Teilen der Welt verwenden wir DHL und die Lieferzeit h\u00e4ngt vom Standort ab. Die Versandkosten der Ware werden vom K\u00e4ufer getragen und die jeweiligen Preisinformationen werden neben der Versandart angezeigt. Die angezeigten Lieferzeiten sind informativ und Dimarciano ...<\/p>\n","protected":false},"author":1,"featured_media":0,"parent":0,"menu_order":0,"comment_status":"closed","ping_status":"closed","template":"","meta":{"ngg_post_thumbnail":0,"footnotes":""},"class_list":["post-6777","page","type-page","status-publish","hentry"],"yoast_head":"<!-- This site is optimized with the Yoast SEO plugin v22.7 - https:\/\/yoast.com\/wordpress\/plugins\/seo\/ -->\n<title>Anlieferung - Dimarciano<\/title>\n<meta name=\"robots\" content=\"index, follow, max-snippet:-1, max-image-preview:large, max-video-preview:-1\" \/>\n<link rel=\"canonical\" href=\"https:\/\/dimarciano.com\/de\/anlieferung\/\" \/>\n<meta property=\"og:locale\" content=\"de_DE\" \/>\n<meta property=\"og:type\" content=\"article\" \/>\n<meta property=\"og:title\" content=\"Anlieferung - Dimarciano\" \/>\n<meta property=\"og:description\" content=\"Anlieferung Die Ware wird in Estland per DPD geliefert und die Lieferzeit betr\u00e4gt ca. 1-3 Tage. In anderen Teilen der Welt verwenden wir DHL und die Lieferzeit h\u00e4ngt vom Standort ab. Die Versandkosten der Ware werden vom K\u00e4ufer getragen und die jeweiligen Preisinformationen werden neben der Versandart angezeigt. Die angezeigten Lieferzeiten sind informativ und Dimarciano [&hellip;]\" \/>\n<meta property=\"og:url\" content=\"https:\/\/dimarciano.com\/de\/anlieferung\/\" \/>\n<meta property=\"og:site_name\" content=\"Dimarciano\" \/>\n<meta name=\"twitter:card\" content=\"summary_large_image\" \/>\n<meta name=\"twitter:label1\" content=\"Gesch\u00e4tzte Lesezeit\" \/>\n\t<meta name=\"twitter:data1\" content=\"1\u00a0Minute\" \/>\n<script type=\"application\/ld+json\" class=\"yoast-schema-graph\">{\"@context\":\"https:\/\/schema.org\",\"@graph\":[{\"@type\":\"WebPage\",\"@id\":\"https:\/\/dimarciano.com\/de\/anlieferung\/\",\"url\":\"https:\/\/dimarciano.com\/de\/anlieferung\/\",\"name\":\"Anlieferung - Dimarciano\",\"isPartOf\":{\"@id\":\"https:\/\/dimarciano.com\/#website\"},\"datePublished\":\"2021-05-08T14:09:42+00:00\",\"dateModified\":\"2021-05-08T14:09:42+00:00\",\"breadcrumb\":{\"@id\":\"https:\/\/dimarciano.com\/de\/anlieferung\/#breadcrumb\"},\"inLanguage\":\"de\",\"potentialAction\":[{\"@type\":\"ReadAction\",\"target\":[\"https:\/\/dimarciano.com\/de\/anlieferung\/\"]}]},{\"@type\":\"BreadcrumbList\",\"@id\":\"https:\/\/dimarciano.com\/de\/anlieferung\/#breadcrumb\",\"itemListElement\":[{\"@type\":\"ListItem\",\"position\":1,\"name\":\"Home\",\"item\":\"https:\/\/dimarciano.com\/de\/\"},{\"@type\":\"ListItem\",\"position\":2,\"name\":\"Anlieferung\"}]},{\"@type\":\"WebSite\",\"@id\":\"https:\/\/dimarciano.com\/#website\",\"url\":\"https:\/\/dimarciano.com\/\",\"name\":\"Dimarciano\",\"description\":\"\",\"potentialAction\":[{\"@type\":\"SearchAction\",\"target\":{\"@type\":\"EntryPoint\",\"urlTemplate\":\"https:\/\/dimarciano.com\/?s={search_term_string}\"},\"query-input\":\"required name=search_term_string\"}],\"inLanguage\":\"de\"}]}<\/script>\n<!-- \/ Yoast SEO plugin. -->","yoast_head_json":{"title":"Anlieferung - Dimarciano","robots":{"index":"index","follow":"follow","max-snippet":"max-snippet:-1","max-image-preview":"max-image-preview:large","max-video-preview":"max-video-preview:-1"},"canonical":"https:\/\/dimarciano.com\/de\/anlieferung\/","og_locale":"de_DE","og_type":"article","og_title":"Anlieferung - Dimarciano","og_description":"Anlieferung Die Ware wird in Estland per DPD geliefert und die Lieferzeit betr\u00e4gt ca. 1-3 Tage. In anderen Teilen der Welt verwenden wir DHL und die Lieferzeit h\u00e4ngt vom Standort ab. Die Versandkosten der Ware werden vom K\u00e4ufer getragen und die jeweiligen Preisinformationen werden neben der Versandart angezeigt. Die angezeigten Lieferzeiten sind informativ und Dimarciano [&hellip;]","og_url":"https:\/\/dimarciano.com\/de\/anlieferung\/","og_site_name":"Dimarciano","twitter_card":"summary_large_image","twitter_misc":{"Gesch\u00e4tzte Lesezeit":"1\u00a0Minute"},"schema":{"@context":"https:\/\/schema.org","@graph":[{"@type":"WebPage","@id":"https:\/\/dimarciano.com\/de\/anlieferung\/","url":"https:\/\/dimarciano.com\/de\/anlieferung\/","name":"Anlieferung - Dimarciano","isPartOf":{"@id":"https:\/\/dimarciano.com\/#website"},"datePublished":"2021-05-08T14:09:42+00:00","dateModified":"2021-05-08T14:09:42+00:00","breadcrumb":{"@id":"https:\/\/dimarciano.com\/de\/anlieferung\/#breadcrumb"},"inLanguage":"de","potentialAction":[{"@type":"ReadAction","target":["https:\/\/dimarciano.com\/de\/anlieferung\/"]}]},{"@type":"BreadcrumbList","@id":"https:\/\/dimarciano.com\/de\/anlieferung\/#breadcrumb","itemListElement":[{"@type":"ListItem","position":1,"name":"Home","item":"https:\/\/dimarciano.com\/de\/"},{"@type":"ListItem","position":2,"name":"Anlieferung"}]},{"@type":"WebSite","@id":"https:\/\/dimarciano.com\/#website","url":"https:\/\/dimarciano.com\/","name":"Dimarciano","description":"","potentialAction":[{"@type":"SearchAction","target":{"@type":"EntryPoint","urlTemplate":"https:\/\/dimarciano.com\/?s={search_term_string}"},"query-input":"required name=search_term_string"}],"inLanguage":"de"}]}},"_links":{"self":[{"href":"https:\/\/dimarciano.com\/de\/wp-json\/wp\/v2\/pages\/6777","targetHints":{"allow":["GET"]}}],"collection":[{"href":"https:\/\/dimarciano.com\/de\/wp-json\/wp\/v2\/pages"}],"about":[{"href":"https:\/\/dimarciano.com\/de\/wp-json\/wp\/v2\/types\/page"}],"author":[{"embeddable":true,"href":"https:\/\/dimarciano.com\/de\/wp-json\/wp\/v2\/users\/1"}],"replies":[{"embeddable":true,"href":"https:\/\/dimarciano.com\/de\/wp-json\/wp\/v2\/comments?post=6777"}],"version-history":[{"count":0,"href":"https:\/\/dimarciano.com\/de\/wp-json\/wp\/v2\/pages\/6777\/revisions"}],"wp:attachment":[{"href":"https:\/\/dimarciano.com\/de\/wp-json\/wp\/v2\/media?parent=6777"}],"curies":[{"name":"wp","href":"https:\/\/api.w.org\/{rel}","templated":true}]}}