{"id":6923,"date":"2021-04-25T11:35:45","date_gmt":"2021-04-25T11:35:45","guid":{"rendered":"https:\/\/dimarciano.com\/product\/silvery-touch\/"},"modified":"2021-10-14T16:34:48","modified_gmt":"2021-10-14T16:34:48","slug":"silvery-touch","status":"publish","type":"product","link":"https:\/\/dimarciano.com\/de\/produkt\/silvery-touch\/","title":{"rendered":"Silvery Touch"},"content":{"rendered":"","protected":false},"excerpt":{"rendered":"<p>Material: Kohlenstofffaser + 999K Silber + 22K Gold + Leder<br \/>\nMa\u00dfe: 30 x 12 x 20 cm<br \/>\nGewicht: 618 g<br \/>\nInformation: rustikal Schutzschicht (Lack)<br \/>\nLimitierte Auflagen: 15 St\u00fccke<br \/>\nDie Vorlaufzeit betr\u00e4gt 1 bis 3 Wochen<\/p>\n...","protected":false},"featured_media":6347,"template":"","meta":{"ngg_post_thumbnail":0},"product_cat":[104],"product_tag":[],"class_list":{"0":"post-6923","1":"product","2":"type-product","3":"status-publish","4":"has-post-thumbnail","6":"product_cat-dimarciano-cavalier-de","8":"first","9":"instock","10":"featured","11":"shipping-taxable","12":"purchasable","13":"product-type-simple"},"yoast_head":"<!-- This site is optimized with the Yoast SEO plugin v22.7 - https:\/\/yoast.com\/wordpress\/plugins\/seo\/ -->\n<title>Silvery Touch - Dimarciano<\/title>\n<meta name=\"robots\" content=\"index, follow, max-snippet:-1, max-image-preview:large, max-video-preview:-1\" \/>\n<link rel=\"canonical\" href=\"https:\/\/dimarciano.com\/de\/produkt\/silvery-touch\/\" \/>\n<meta property=\"og:locale\" content=\"de_DE\" \/>\n<meta property=\"og:type\" content=\"article\" \/>\n<meta property=\"og:title\" content=\"Silvery Touch - Dimarciano\" \/>\n<meta property=\"og:description\" content=\"Material: Kohlenstofffaser + 999K Silber + 22K Gold + Leder Ma\u00dfe: 30 x 12 x 20 cm Gewicht: 618 g Information: rustikal Schutzschicht (Lack) Limitierte Auflagen: 15 St\u00fccke Die Vorlaufzeit betr\u00e4gt 1 bis 3 Wochen\" \/>\n<meta property=\"og:url\" content=\"https:\/\/dimarciano.com\/de\/produkt\/silvery-touch\/\" \/>\n<meta property=\"og:site_name\" content=\"Dimarciano\" \/>\n<meta property=\"article:modified_time\" content=\"2021-10-14T16:34:48+00:00\" \/>\n<meta property=\"og:image\" content=\"https:\/\/dimarciano.com\/wp-content\/uploads\/2021\/04\/NR_1_P1200901_Silvery_Touch_Kaekotid.jpg\" \/>\n\t<meta property=\"og:image:width\" content=\"1080\" \/>\n\t<meta property=\"og:image:height\" content=\"1080\" \/>\n\t<meta property=\"og:image:type\" content=\"image\/jpeg\" \/>\n<meta name=\"twitter:card\" content=\"summary_large_image\" \/>\n<script type=\"application\/ld+json\" class=\"yoast-schema-graph\">{\"@context\":\"https:\/\/schema.org\",\"@graph\":[{\"@type\":\"WebPage\",\"@id\":\"https:\/\/dimarciano.com\/de\/produkt\/silvery-touch\/\",\"url\":\"https:\/\/dimarciano.com\/de\/produkt\/silvery-touch\/\",\"name\":\"Silvery Touch - Dimarciano\",\"isPartOf\":{\"@id\":\"https:\/\/dimarciano.com\/#website\"},\"primaryImageOfPage\":{\"@id\":\"https:\/\/dimarciano.com\/de\/produkt\/silvery-touch\/#primaryimage\"},\"image\":{\"@id\":\"https:\/\/dimarciano.com\/de\/produkt\/silvery-touch\/#primaryimage\"},\"thumbnailUrl\":\"https:\/\/dimarciano.com\/wp-content\/uploads\/2021\/04\/NR_1_P1200901_Silvery_Touch_Kaekotid.jpg\",\"datePublished\":\"2021-04-25T11:35:45+00:00\",\"dateModified\":\"2021-10-14T16:34:48+00:00\",\"breadcrumb\":{\"@id\":\"https:\/\/dimarciano.com\/de\/produkt\/silvery-touch\/#breadcrumb\"},\"inLanguage\":\"de\",\"potentialAction\":[{\"@type\":\"ReadAction\",\"target\":[\"https:\/\/dimarciano.com\/de\/produkt\/silvery-touch\/\"]}]},{\"@type\":\"ImageObject\",\"inLanguage\":\"de\",\"@id\":\"https:\/\/dimarciano.com\/de\/produkt\/silvery-touch\/#primaryimage\",\"url\":\"https:\/\/dimarciano.com\/wp-content\/uploads\/2021\/04\/NR_1_P1200901_Silvery_Touch_Kaekotid.jpg\",\"contentUrl\":\"https:\/\/dimarciano.com\/wp-content\/uploads\/2021\/04\/NR_1_P1200901_Silvery_Touch_Kaekotid.jpg\",\"width\":1080,\"height\":1080},{\"@type\":\"BreadcrumbList\",\"@id\":\"https:\/\/dimarciano.com\/de\/produkt\/silvery-touch\/#breadcrumb\",\"itemListElement\":[{\"@type\":\"ListItem\",\"position\":1,\"name\":\"Home\",\"item\":\"https:\/\/dimarciano.com\/de\/\"},{\"@type\":\"ListItem\",\"position\":2,\"name\":\"Shop\",\"item\":\"https:\/\/dimarciano.com\/de\/shop\/\"},{\"@type\":\"ListItem\",\"position\":3,\"name\":\"Silvery Touch\"}]},{\"@type\":\"WebSite\",\"@id\":\"https:\/\/dimarciano.com\/#website\",\"url\":\"https:\/\/dimarciano.com\/\",\"name\":\"Dimarciano\",\"description\":\"\",\"potentialAction\":[{\"@type\":\"SearchAction\",\"target\":{\"@type\":\"EntryPoint\",\"urlTemplate\":\"https:\/\/dimarciano.com\/?s={search_term_string}\"},\"query-input\":\"required name=search_term_string\"}],\"inLanguage\":\"de\"}]}<\/script>\n<!-- \/ Yoast SEO plugin. -->","yoast_head_json":{"title":"Silvery Touch - Dimarciano","robots":{"index":"index","follow":"follow","max-snippet":"max-snippet:-1","max-image-preview":"max-image-preview:large","max-video-preview":"max-video-preview:-1"},"canonical":"https:\/\/dimarciano.com\/de\/produkt\/silvery-touch\/","og_locale":"de_DE","og_type":"article","og_title":"Silvery Touch - Dimarciano","og_description":"Material: Kohlenstofffaser + 999K Silber + 22K Gold + Leder Ma\u00dfe: 30 x 12 x 20 cm Gewicht: 618 g Information: rustikal Schutzschicht (Lack) Limitierte Auflagen: 15 St\u00fccke Die Vorlaufzeit betr\u00e4gt 1 bis 3 Wochen","og_url":"https:\/\/dimarciano.com\/de\/produkt\/silvery-touch\/","og_site_name":"Dimarciano","article_modified_time":"2021-10-14T16:34:48+00:00","og_image":[{"width":1080,"height":1080,"url":"https:\/\/dimarciano.com\/wp-content\/uploads\/2021\/04\/NR_1_P1200901_Silvery_Touch_Kaekotid.jpg","type":"image\/jpeg"}],"twitter_card":"summary_large_image","schema":{"@context":"https:\/\/schema.org","@graph":[{"@type":"WebPage","@id":"https:\/\/dimarciano.com\/de\/produkt\/silvery-touch\/","url":"https:\/\/dimarciano.com\/de\/produkt\/silvery-touch\/","name":"Silvery Touch - Dimarciano","isPartOf":{"@id":"https:\/\/dimarciano.com\/#website"},"primaryImageOfPage":{"@id":"https:\/\/dimarciano.com\/de\/produkt\/silvery-touch\/#primaryimage"},"image":{"@id":"https:\/\/dimarciano.com\/de\/produkt\/silvery-touch\/#primaryimage"},"thumbnailUrl":"https:\/\/dimarciano.com\/wp-content\/uploads\/2021\/04\/NR_1_P1200901_Silvery_Touch_Kaekotid.jpg","datePublished":"2021-04-25T11:35:45+00:00","dateModified":"2021-10-14T16:34:48+00:00","breadcrumb":{"@id":"https:\/\/dimarciano.com\/de\/produkt\/silvery-touch\/#breadcrumb"},"inLanguage":"de","potentialAction":[{"@type":"ReadAction","target":["https:\/\/dimarciano.com\/de\/produkt\/silvery-touch\/"]}]},{"@type":"ImageObject","inLanguage":"de","@id":"https:\/\/dimarciano.com\/de\/produkt\/silvery-touch\/#primaryimage","url":"https:\/\/dimarciano.com\/wp-content\/uploads\/2021\/04\/NR_1_P1200901_Silvery_Touch_Kaekotid.jpg","contentUrl":"https:\/\/dimarciano.com\/wp-content\/uploads\/2021\/04\/NR_1_P1200901_Silvery_Touch_Kaekotid.jpg","width":1080,"height":1080},{"@type":"BreadcrumbList","@id":"https:\/\/dimarciano.com\/de\/produkt\/silvery-touch\/#breadcrumb","itemListElement":[{"@type":"ListItem","position":1,"name":"Home","item":"https:\/\/dimarciano.com\/de\/"},{"@type":"ListItem","position":2,"name":"Shop","item":"https:\/\/dimarciano.com\/de\/shop\/"},{"@type":"ListItem","position":3,"name":"Silvery Touch"}]},{"@type":"WebSite","@id":"https:\/\/dimarciano.com\/#website","url":"https:\/\/dimarciano.com\/","name":"Dimarciano","description":"","potentialAction":[{"@type":"SearchAction","target":{"@type":"EntryPoint","urlTemplate":"https:\/\/dimarciano.com\/?s={search_term_string}"},"query-input":"required name=search_term_string"}],"inLanguage":"de"}]}},"_links":{"self":[{"href":"https:\/\/dimarciano.com\/de\/wp-json\/wp\/v2\/product\/6923","targetHints":{"allow":["GET"]}}],"collection":[{"href":"https:\/\/dimarciano.com\/de\/wp-json\/wp\/v2\/product"}],"about":[{"href":"https:\/\/dimarciano.com\/de\/wp-json\/wp\/v2\/types\/product"}],"wp:featuredmedia":[{"embeddable":true,"href":"https:\/\/dimarciano.com\/de\/wp-json\/wp\/v2\/media\/6347"}],"wp:attachment":[{"href":"https:\/\/dimarciano.com\/de\/wp-json\/wp\/v2\/media?parent=6923"}],"wp:term":[{"taxonomy":"product_cat","embeddable":true,"href":"https:\/\/dimarciano.com\/de\/wp-json\/wp\/v2\/product_cat?post=6923"},{"taxonomy":"product_tag","embeddable":true,"href":"https:\/\/dimarciano.com\/de\/wp-json\/wp\/v2\/product_tag?post=6923"}],"curies":[{"name":"wp","href":"https:\/\/api.w.org\/{rel}","templated":true}]}}