{"id":6926,"date":"2021-04-25T11:33:12","date_gmt":"2021-04-25T11:33:12","guid":{"rendered":"https:\/\/dimarciano.com\/product\/white-pinky\/"},"modified":"2021-10-14T16:35:17","modified_gmt":"2021-10-14T16:35:17","slug":"white-pinky","status":"publish","type":"product","link":"https:\/\/dimarciano.com\/de\/produkt\/white-pinky\/","title":{"rendered":"White-Pinky"},"content":{"rendered":"","protected":false},"excerpt":{"rendered":"<p>Material: Kohlenstofffaser + rosa UV-Farbe + Leder<br \/>\nMa\u00dfe: 30 x 12 x 20 cm<br \/>\nGewicht: 814 g<br \/>\nInformation: \u00e4ndert die Farbe im Sonnenlicht<br \/>\nLimitierte Auflagen: 100 St\u00fccke<br \/>\nDie Vorlaufzeit betr\u00e4gt 1 bis 3 Wochen<\/p>\n...","protected":false},"featured_media":6314,"template":"","meta":{"ngg_post_thumbnail":0},"product_cat":[104],"product_tag":[],"class_list":{"0":"post-6926","1":"product","2":"type-product","3":"status-publish","4":"has-post-thumbnail","6":"product_cat-dimarciano-cavalier-de","8":"first","9":"instock","10":"featured","11":"shipping-taxable","12":"purchasable","13":"product-type-simple"},"yoast_head":"<!-- This site is optimized with the Yoast SEO plugin v22.7 - https:\/\/yoast.com\/wordpress\/plugins\/seo\/ -->\n<title>White-Pinky - Dimarciano<\/title>\n<meta name=\"robots\" content=\"index, follow, max-snippet:-1, max-image-preview:large, max-video-preview:-1\" \/>\n<link rel=\"canonical\" href=\"https:\/\/dimarciano.com\/de\/produkt\/white-pinky\/\" \/>\n<meta property=\"og:locale\" content=\"de_DE\" \/>\n<meta property=\"og:type\" content=\"article\" \/>\n<meta property=\"og:title\" content=\"White-Pinky - Dimarciano\" \/>\n<meta property=\"og:description\" content=\"Material: Kohlenstofffaser + rosa UV-Farbe + Leder Ma\u00dfe: 30 x 12 x 20 cm Gewicht: 814 g Information: \u00e4ndert die Farbe im Sonnenlicht Limitierte Auflagen: 100 St\u00fccke Die Vorlaufzeit betr\u00e4gt 1 bis 3 Wochen\" \/>\n<meta property=\"og:url\" content=\"https:\/\/dimarciano.com\/de\/produkt\/white-pinky\/\" \/>\n<meta property=\"og:site_name\" content=\"Dimarciano\" \/>\n<meta property=\"article:modified_time\" content=\"2021-10-14T16:35:17+00:00\" \/>\n<meta property=\"og:image\" content=\"https:\/\/dimarciano.com\/wp-content\/uploads\/2021\/04\/NR_1_P1201701_White-Pinky_Kaekotid.jpg\" \/>\n\t<meta property=\"og:image:width\" content=\"1080\" \/>\n\t<meta property=\"og:image:height\" content=\"1080\" \/>\n\t<meta property=\"og:image:type\" content=\"image\/jpeg\" \/>\n<meta name=\"twitter:card\" content=\"summary_large_image\" \/>\n<script type=\"application\/ld+json\" class=\"yoast-schema-graph\">{\"@context\":\"https:\/\/schema.org\",\"@graph\":[{\"@type\":\"WebPage\",\"@id\":\"https:\/\/dimarciano.com\/de\/produkt\/white-pinky\/\",\"url\":\"https:\/\/dimarciano.com\/de\/produkt\/white-pinky\/\",\"name\":\"White-Pinky - Dimarciano\",\"isPartOf\":{\"@id\":\"https:\/\/dimarciano.com\/#website\"},\"primaryImageOfPage\":{\"@id\":\"https:\/\/dimarciano.com\/de\/produkt\/white-pinky\/#primaryimage\"},\"image\":{\"@id\":\"https:\/\/dimarciano.com\/de\/produkt\/white-pinky\/#primaryimage\"},\"thumbnailUrl\":\"https:\/\/dimarciano.com\/wp-content\/uploads\/2021\/04\/NR_1_P1201701_White-Pinky_Kaekotid.jpg\",\"datePublished\":\"2021-04-25T11:33:12+00:00\",\"dateModified\":\"2021-10-14T16:35:17+00:00\",\"breadcrumb\":{\"@id\":\"https:\/\/dimarciano.com\/de\/produkt\/white-pinky\/#breadcrumb\"},\"inLanguage\":\"de\",\"potentialAction\":[{\"@type\":\"ReadAction\",\"target\":[\"https:\/\/dimarciano.com\/de\/produkt\/white-pinky\/\"]}]},{\"@type\":\"ImageObject\",\"inLanguage\":\"de\",\"@id\":\"https:\/\/dimarciano.com\/de\/produkt\/white-pinky\/#primaryimage\",\"url\":\"https:\/\/dimarciano.com\/wp-content\/uploads\/2021\/04\/NR_1_P1201701_White-Pinky_Kaekotid.jpg\",\"contentUrl\":\"https:\/\/dimarciano.com\/wp-content\/uploads\/2021\/04\/NR_1_P1201701_White-Pinky_Kaekotid.jpg\",\"width\":1080,\"height\":1080},{\"@type\":\"BreadcrumbList\",\"@id\":\"https:\/\/dimarciano.com\/de\/produkt\/white-pinky\/#breadcrumb\",\"itemListElement\":[{\"@type\":\"ListItem\",\"position\":1,\"name\":\"Home\",\"item\":\"https:\/\/dimarciano.com\/de\/\"},{\"@type\":\"ListItem\",\"position\":2,\"name\":\"Shop\",\"item\":\"https:\/\/dimarciano.com\/de\/shop\/\"},{\"@type\":\"ListItem\",\"position\":3,\"name\":\"White-Pinky\"}]},{\"@type\":\"WebSite\",\"@id\":\"https:\/\/dimarciano.com\/#website\",\"url\":\"https:\/\/dimarciano.com\/\",\"name\":\"Dimarciano\",\"description\":\"\",\"potentialAction\":[{\"@type\":\"SearchAction\",\"target\":{\"@type\":\"EntryPoint\",\"urlTemplate\":\"https:\/\/dimarciano.com\/?s={search_term_string}\"},\"query-input\":\"required name=search_term_string\"}],\"inLanguage\":\"de\"}]}<\/script>\n<!-- \/ Yoast SEO plugin. -->","yoast_head_json":{"title":"White-Pinky - Dimarciano","robots":{"index":"index","follow":"follow","max-snippet":"max-snippet:-1","max-image-preview":"max-image-preview:large","max-video-preview":"max-video-preview:-1"},"canonical":"https:\/\/dimarciano.com\/de\/produkt\/white-pinky\/","og_locale":"de_DE","og_type":"article","og_title":"White-Pinky - Dimarciano","og_description":"Material: Kohlenstofffaser + rosa UV-Farbe + Leder Ma\u00dfe: 30 x 12 x 20 cm Gewicht: 814 g Information: \u00e4ndert die Farbe im Sonnenlicht Limitierte Auflagen: 100 St\u00fccke Die Vorlaufzeit betr\u00e4gt 1 bis 3 Wochen","og_url":"https:\/\/dimarciano.com\/de\/produkt\/white-pinky\/","og_site_name":"Dimarciano","article_modified_time":"2021-10-14T16:35:17+00:00","og_image":[{"width":1080,"height":1080,"url":"https:\/\/dimarciano.com\/wp-content\/uploads\/2021\/04\/NR_1_P1201701_White-Pinky_Kaekotid.jpg","type":"image\/jpeg"}],"twitter_card":"summary_large_image","schema":{"@context":"https:\/\/schema.org","@graph":[{"@type":"WebPage","@id":"https:\/\/dimarciano.com\/de\/produkt\/white-pinky\/","url":"https:\/\/dimarciano.com\/de\/produkt\/white-pinky\/","name":"White-Pinky - Dimarciano","isPartOf":{"@id":"https:\/\/dimarciano.com\/#website"},"primaryImageOfPage":{"@id":"https:\/\/dimarciano.com\/de\/produkt\/white-pinky\/#primaryimage"},"image":{"@id":"https:\/\/dimarciano.com\/de\/produkt\/white-pinky\/#primaryimage"},"thumbnailUrl":"https:\/\/dimarciano.com\/wp-content\/uploads\/2021\/04\/NR_1_P1201701_White-Pinky_Kaekotid.jpg","datePublished":"2021-04-25T11:33:12+00:00","dateModified":"2021-10-14T16:35:17+00:00","breadcrumb":{"@id":"https:\/\/dimarciano.com\/de\/produkt\/white-pinky\/#breadcrumb"},"inLanguage":"de","potentialAction":[{"@type":"ReadAction","target":["https:\/\/dimarciano.com\/de\/produkt\/white-pinky\/"]}]},{"@type":"ImageObject","inLanguage":"de","@id":"https:\/\/dimarciano.com\/de\/produkt\/white-pinky\/#primaryimage","url":"https:\/\/dimarciano.com\/wp-content\/uploads\/2021\/04\/NR_1_P1201701_White-Pinky_Kaekotid.jpg","contentUrl":"https:\/\/dimarciano.com\/wp-content\/uploads\/2021\/04\/NR_1_P1201701_White-Pinky_Kaekotid.jpg","width":1080,"height":1080},{"@type":"BreadcrumbList","@id":"https:\/\/dimarciano.com\/de\/produkt\/white-pinky\/#breadcrumb","itemListElement":[{"@type":"ListItem","position":1,"name":"Home","item":"https:\/\/dimarciano.com\/de\/"},{"@type":"ListItem","position":2,"name":"Shop","item":"https:\/\/dimarciano.com\/de\/shop\/"},{"@type":"ListItem","position":3,"name":"White-Pinky"}]},{"@type":"WebSite","@id":"https:\/\/dimarciano.com\/#website","url":"https:\/\/dimarciano.com\/","name":"Dimarciano","description":"","potentialAction":[{"@type":"SearchAction","target":{"@type":"EntryPoint","urlTemplate":"https:\/\/dimarciano.com\/?s={search_term_string}"},"query-input":"required name=search_term_string"}],"inLanguage":"de"}]}},"_links":{"self":[{"href":"https:\/\/dimarciano.com\/de\/wp-json\/wp\/v2\/product\/6926","targetHints":{"allow":["GET"]}}],"collection":[{"href":"https:\/\/dimarciano.com\/de\/wp-json\/wp\/v2\/product"}],"about":[{"href":"https:\/\/dimarciano.com\/de\/wp-json\/wp\/v2\/types\/product"}],"wp:featuredmedia":[{"embeddable":true,"href":"https:\/\/dimarciano.com\/de\/wp-json\/wp\/v2\/media\/6314"}],"wp:attachment":[{"href":"https:\/\/dimarciano.com\/de\/wp-json\/wp\/v2\/media?parent=6926"}],"wp:term":[{"taxonomy":"product_cat","embeddable":true,"href":"https:\/\/dimarciano.com\/de\/wp-json\/wp\/v2\/product_cat?post=6926"},{"taxonomy":"product_tag","embeddable":true,"href":"https:\/\/dimarciano.com\/de\/wp-json\/wp\/v2\/product_tag?post=6926"}],"curies":[{"name":"wp","href":"https:\/\/api.w.org\/{rel}","templated":true}]}}