{"id":183,"date":"2016-10-30T11:35:34","date_gmt":"2016-10-30T11:35:34","guid":{"rendered":"http:\/\/localhost:8888\/mia\/?page_id=183"},"modified":"2021-04-25T13:55:30","modified_gmt":"2021-04-25T13:55:30","slug":"meist","status":"publish","type":"page","link":"https:\/\/dimarciano.com\/et\/meist\/","title":{"rendered":"Meist"},"content":{"rendered":"<div class=\"wpb-content-wrapper\"><p>[vc_row][vc_column width=&#8221;1\/4&#8243;][vc_single_image image=&#8221;6174&#8243; img_size=&#8221;large&#8221; alignment=&#8221;center&#8221;][\/vc_column][vc_column width=&#8221;1\/2&#8243;]<div class = \"romeo-handwriting  vc_custom_1617228371250\"><div style = \"text-align : center; font-size : 60px;\">Dimarciano Cavalier<\/div><\/div>[vc_column_text css=&#8221;.vc_custom_1617228366683{padding-right: 10% !important;padding-left: 10% !important;}&#8221;]<\/p>\n<p style=\"text-align: center;\">Dimarciano Cavalier on v\u00e4ike ettev\u00f5te, suurte plaanidega. Materjalid ning tehnoloogiad, mida me kasutame, on innovaatilised ning ebatavalised luksusk\u00e4ekottide vallas. Meie k\u00e4ekotid kasvasid v\u00e4lja suurest huvist uute materjalide vastu ning tahtest teha midagi uuendusmeelset.<\/p>\n<p style=\"text-align: center;\">Kogu tootmine ning disainimine toimub Eestis ja k\u00f5ik tooted on eraldi \u00fcle vaadatud, kontrollitud ning lihvitud viimse detailini. K\u00f5ik detailid kotil on hoolikalt l\u00e4bim\u00f5eldud ning on puhas k\u00e4sit\u00f6\u00f6. Meie tooted on tehtud karbonist, just sellest samast karbonist, millest tehakse luksusautosid, mida kasutatakse kosmoset\u00f6\u00f6stuses ning millest ei arvaks, et saab teha k\u00e4ekotte. Meie plaan on tuua halli argip\u00e4eva natukene rohkem s\u00e4rtsu ning v\u00e4rve, sest \u00fctleme ausalt- meie \u00fcmber tundub olevat ainult hall ja must. Selle p\u00e4rast oleme sidunud luksusliku karboni kvaliteetse p\u00e4ris nahaga Itaaliast Gruppo Mastrottost. Me ei pea oleme k\u00f5ik \u00fchesugused, me tahame eristuda, me tahame silma paista, me tahame olla need, kellest r\u00e4\u00e4gitakse veel kaua ning kes on eeskujuks. Lase enda ellu natukene l\u00f5bu, v\u00e4rvi ning glamuuri- t\u00e4nu meile on see natukene lihtsam.<\/p>\n<p>[\/vc_column_text][\/vc_column][vc_column width=&#8221;1\/4&#8243;][vc_single_image image=&#8221;6660&#8243; img_size=&#8221;large&#8221; alignment=&#8221;center&#8221;][\/vc_column][\/vc_row]<\/p>\n<\/div>","protected":false},"excerpt":{"rendered":"<p>[vc_row][vc_column width=&#8221;1\/4&#8243;][vc_single_image image=&#8221;6174&#8243; img_size=&#8221;large&#8221; alignment=&#8221;center&#8221;][\/vc_column][vc_column width=&#8221;1\/2&#8243;][vc_column_text css=&#8221;.vc_custom_1617228366683{padding-right: 10% !important;padding-left: 10% !important;}&#8221;] Dimarciano Cavalier on v\u00e4ike ettev\u00f5te, suurte plaanidega. Materjalid ning tehnoloogiad, mida me kasutame, on innovaatilised ning ebatavalised luksusk\u00e4ekottide vallas. Meie k\u00e4ekotid kasvasid v\u00e4lja suurest huvist uute materjalide vastu ning tahtest teha midagi uuendusmeelset. Kogu tootmine ning disainimine toimub Eestis ja k\u00f5ik tooted on eraldi ...<\/p>\n","protected":false},"author":1,"featured_media":0,"parent":0,"menu_order":0,"comment_status":"closed","ping_status":"closed","template":"template-no-title-fullwidth.php","meta":{"ngg_post_thumbnail":0,"footnotes":""},"class_list":["post-183","page","type-page","status-publish","hentry"],"yoast_head":"<!-- This site is optimized with the Yoast SEO plugin v22.7 - https:\/\/yoast.com\/wordpress\/plugins\/seo\/ -->\n<title>Meist - Dimarciano<\/title>\n<meta name=\"robots\" content=\"index, follow, max-snippet:-1, max-image-preview:large, max-video-preview:-1\" \/>\n<link rel=\"canonical\" href=\"https:\/\/dimarciano.com\/et\/meist\/\" \/>\n<meta property=\"og:locale\" content=\"et_EE\" \/>\n<meta property=\"og:type\" content=\"article\" \/>\n<meta property=\"og:title\" content=\"Meist - Dimarciano\" \/>\n<meta property=\"og:description\" content=\"[vc_row][vc_column width=&#8221;1\/4&#8243;][vc_single_image image=&#8221;6174&#8243; img_size=&#8221;large&#8221; alignment=&#8221;center&#8221;][\/vc_column][vc_column width=&#8221;1\/2&#8243;][vc_column_text css=&#8221;.vc_custom_1617228366683{padding-right: 10% !important;padding-left: 10% !important;}&#8221;] Dimarciano Cavalier on v\u00e4ike ettev\u00f5te, suurte plaanidega. Materjalid ning tehnoloogiad, mida me kasutame, on innovaatilised ning ebatavalised luksusk\u00e4ekottide vallas. Meie k\u00e4ekotid kasvasid v\u00e4lja suurest huvist uute materjalide vastu ning tahtest teha midagi uuendusmeelset. Kogu tootmine ning disainimine toimub Eestis ja k\u00f5ik tooted on eraldi [&hellip;]\" \/>\n<meta property=\"og:url\" content=\"https:\/\/dimarciano.com\/et\/meist\/\" \/>\n<meta property=\"og:site_name\" content=\"Dimarciano\" \/>\n<meta property=\"article:modified_time\" content=\"2021-04-25T13:55:30+00:00\" \/>\n<meta name=\"twitter:card\" content=\"summary_large_image\" \/>\n<meta name=\"twitter:label1\" content=\"Est. reading time\" \/>\n\t<meta name=\"twitter:data1\" content=\"1 minut\" \/>\n<script type=\"application\/ld+json\" class=\"yoast-schema-graph\">{\"@context\":\"https:\/\/schema.org\",\"@graph\":[{\"@type\":\"WebPage\",\"@id\":\"https:\/\/dimarciano.com\/et\/meist\/\",\"url\":\"https:\/\/dimarciano.com\/et\/meist\/\",\"name\":\"Meist - Dimarciano\",\"isPartOf\":{\"@id\":\"https:\/\/dimarciano.com\/#website\"},\"datePublished\":\"2016-10-30T11:35:34+00:00\",\"dateModified\":\"2021-04-25T13:55:30+00:00\",\"breadcrumb\":{\"@id\":\"https:\/\/dimarciano.com\/et\/meist\/#breadcrumb\"},\"inLanguage\":\"et\",\"potentialAction\":[{\"@type\":\"ReadAction\",\"target\":[\"https:\/\/dimarciano.com\/et\/meist\/\"]}]},{\"@type\":\"BreadcrumbList\",\"@id\":\"https:\/\/dimarciano.com\/et\/meist\/#breadcrumb\",\"itemListElement\":[{\"@type\":\"ListItem\",\"position\":1,\"name\":\"Home\",\"item\":\"https:\/\/dimarciano.com\/et\/\"},{\"@type\":\"ListItem\",\"position\":2,\"name\":\"Meist\"}]},{\"@type\":\"WebSite\",\"@id\":\"https:\/\/dimarciano.com\/#website\",\"url\":\"https:\/\/dimarciano.com\/\",\"name\":\"Dimarciano\",\"description\":\"\",\"potentialAction\":[{\"@type\":\"SearchAction\",\"target\":{\"@type\":\"EntryPoint\",\"urlTemplate\":\"https:\/\/dimarciano.com\/?s={search_term_string}\"},\"query-input\":\"required name=search_term_string\"}],\"inLanguage\":\"et\"}]}<\/script>\n<!-- \/ Yoast SEO plugin. -->","yoast_head_json":{"title":"Meist - Dimarciano","robots":{"index":"index","follow":"follow","max-snippet":"max-snippet:-1","max-image-preview":"max-image-preview:large","max-video-preview":"max-video-preview:-1"},"canonical":"https:\/\/dimarciano.com\/et\/meist\/","og_locale":"et_EE","og_type":"article","og_title":"Meist - Dimarciano","og_description":"[vc_row][vc_column width=&#8221;1\/4&#8243;][vc_single_image image=&#8221;6174&#8243; img_size=&#8221;large&#8221; alignment=&#8221;center&#8221;][\/vc_column][vc_column width=&#8221;1\/2&#8243;][vc_column_text css=&#8221;.vc_custom_1617228366683{padding-right: 10% !important;padding-left: 10% !important;}&#8221;] Dimarciano Cavalier on v\u00e4ike ettev\u00f5te, suurte plaanidega. Materjalid ning tehnoloogiad, mida me kasutame, on innovaatilised ning ebatavalised luksusk\u00e4ekottide vallas. Meie k\u00e4ekotid kasvasid v\u00e4lja suurest huvist uute materjalide vastu ning tahtest teha midagi uuendusmeelset. Kogu tootmine ning disainimine toimub Eestis ja k\u00f5ik tooted on eraldi [&hellip;]","og_url":"https:\/\/dimarciano.com\/et\/meist\/","og_site_name":"Dimarciano","article_modified_time":"2021-04-25T13:55:30+00:00","twitter_card":"summary_large_image","twitter_misc":{"Est. reading time":"1 minut"},"schema":{"@context":"https:\/\/schema.org","@graph":[{"@type":"WebPage","@id":"https:\/\/dimarciano.com\/et\/meist\/","url":"https:\/\/dimarciano.com\/et\/meist\/","name":"Meist - Dimarciano","isPartOf":{"@id":"https:\/\/dimarciano.com\/#website"},"datePublished":"2016-10-30T11:35:34+00:00","dateModified":"2021-04-25T13:55:30+00:00","breadcrumb":{"@id":"https:\/\/dimarciano.com\/et\/meist\/#breadcrumb"},"inLanguage":"et","potentialAction":[{"@type":"ReadAction","target":["https:\/\/dimarciano.com\/et\/meist\/"]}]},{"@type":"BreadcrumbList","@id":"https:\/\/dimarciano.com\/et\/meist\/#breadcrumb","itemListElement":[{"@type":"ListItem","position":1,"name":"Home","item":"https:\/\/dimarciano.com\/et\/"},{"@type":"ListItem","position":2,"name":"Meist"}]},{"@type":"WebSite","@id":"https:\/\/dimarciano.com\/#website","url":"https:\/\/dimarciano.com\/","name":"Dimarciano","description":"","potentialAction":[{"@type":"SearchAction","target":{"@type":"EntryPoint","urlTemplate":"https:\/\/dimarciano.com\/?s={search_term_string}"},"query-input":"required name=search_term_string"}],"inLanguage":"et"}]}},"_links":{"self":[{"href":"https:\/\/dimarciano.com\/et\/wp-json\/wp\/v2\/pages\/183","targetHints":{"allow":["GET"]}}],"collection":[{"href":"https:\/\/dimarciano.com\/et\/wp-json\/wp\/v2\/pages"}],"about":[{"href":"https:\/\/dimarciano.com\/et\/wp-json\/wp\/v2\/types\/page"}],"author":[{"embeddable":true,"href":"https:\/\/dimarciano.com\/et\/wp-json\/wp\/v2\/users\/1"}],"replies":[{"embeddable":true,"href":"https:\/\/dimarciano.com\/et\/wp-json\/wp\/v2\/comments?post=183"}],"version-history":[{"count":9,"href":"https:\/\/dimarciano.com\/et\/wp-json\/wp\/v2\/pages\/183\/revisions"}],"predecessor-version":[{"id":6677,"href":"https:\/\/dimarciano.com\/et\/wp-json\/wp\/v2\/pages\/183\/revisions\/6677"}],"wp:attachment":[{"href":"https:\/\/dimarciano.com\/et\/wp-json\/wp\/v2\/media?parent=183"}],"curies":[{"name":"wp","href":"https:\/\/api.w.org\/{rel}","templated":true}]}}