{"id":4513,"date":"2017-07-23T19:39:56","date_gmt":"2017-07-23T19:39:56","guid":{"rendered":"http:\/\/demo.elusivethemes.com\/romeo\/?page_id=4513"},"modified":"2021-04-22T13:01:36","modified_gmt":"2021-04-22T13:01:36","slug":"materjal","status":"publish","type":"page","link":"https:\/\/dimarciano.com\/et\/materjal\/","title":{"rendered":"Materjal"},"content":{"rendered":"<div class=\"wpb-content-wrapper\"><p>[vc_row][vc_column width=&#8221;1\/4&#8243;][vc_single_image image=&#8221;5778&#8243; img_size=&#8221;large&#8221; alignment=&#8221;center&#8221;][\/vc_column][vc_column width=&#8221;1\/2&#8243;]<div class = \"romeo-handwriting  vc_custom_1617228371250\"><div style = \"text-align : center; font-size : 60px;\">Dimarciano Cavalier<\/div><\/div>[vc_column_text css=&#8221;.vc_custom_1617228366683{padding-right: 10% !important;padding-left: 10% !important;}&#8221;]<\/p>\n<p style=\"text-align: center;\">S\u00fcsinikkiud koosnevad s\u00fcsinikuaatomitest ning m\u00f5nikord nimetatakse neid ka grafiidikiududeks.<\/p>\n<p style=\"text-align: center;\">S\u00fcsinikkiul on mitmeid eeliseid, sealhulgas j\u00e4ikus, suur t\u00f5mbetugevus, v\u00e4ike kaal, hea keemiline vastupidavus, k\u00f5rge temperatuuritaluvus ja madal soojuspaisuvus. Need omadused on teinud s\u00fcsinikkiu populaarseks j\u00e4rgmistel aladel nagu lennunduses, ehituses, s\u00f5jav\u00e4es, autospordis ja muudel v\u00f5istlusspordi aladel.<\/p>\n<p style=\"text-align: center;\">Kevlar on kuumakindel ja tugev s\u00fcnteetiline kiud, mis on seotud teiste aramiididega nagu Nomex ja Technora.<\/p>\n<p style=\"text-align: center;\">Kevlaril on palju rakendusi alates jalgratta rehvidest ja v\u00f5istluspurjedest kuni kuulikindlate vestideni, kuna selle materjali t\u00f5mbetugevuse ja kaalu suhte t\u00f5ttu on kevlar viis korda tugevam kui teras.<\/p>\n<p style=\"text-align: center;\">Punane Twill s\u00fcsinikkiust riie \u2013 dekoratiivne s\u00fcsinikkiust h\u00fcbriidkangas, mis on valmistatud p\u00f5imides ehtsat s\u00fcsinikkiudu pilkup\u00fc\u00fcdvate punaste pol\u00fcesterl\u00f5ngadega, et tekitada must ja punane s\u00fcsinikkiust v\u00e4limus.<\/p>\n<p style=\"text-align: center;\">Sinine Twill s\u00fcsinikkiust riie- dekoratiivne s\u00fcsinikkiust h\u00fcbriidkangas, mis on valmistatud p\u00f5imides ehtsat s\u00fcsinikkiudu pilkup\u00fc\u00fcdvate siniste pol\u00fcesterl\u00f5ngadega, et tektitada must ja sinine s\u00fcsinikkiust v\u00e4limus.<\/p>\n<p>[\/vc_column_text][\/vc_column][vc_column width=&#8221;1\/4&#8243;][vc_single_image image=&#8221;5891&#8243; img_size=&#8221;large&#8221; alignment=&#8221;center&#8221;][\/vc_column][\/vc_row]<\/p>\n<\/div>","protected":false},"excerpt":{"rendered":"<p>[vc_row][vc_column width=&#8221;1\/4&#8243;][vc_single_image image=&#8221;5778&#8243; img_size=&#8221;large&#8221; alignment=&#8221;center&#8221;][\/vc_column][vc_column width=&#8221;1\/2&#8243;][vc_column_text css=&#8221;.vc_custom_1617228366683{padding-right: 10% !important;padding-left: 10% !important;}&#8221;] S\u00fcsinikkiud koosnevad s\u00fcsinikuaatomitest ning m\u00f5nikord nimetatakse neid ka grafiidikiududeks. S\u00fcsinikkiul on mitmeid eeliseid, sealhulgas j\u00e4ikus, suur t\u00f5mbetugevus, v\u00e4ike kaal, hea keemiline vastupidavus, k\u00f5rge temperatuuritaluvus ja madal soojuspaisuvus. Need omadused on teinud s\u00fcsinikkiu populaarseks j\u00e4rgmistel aladel nagu lennunduses, ehituses, s\u00f5jav\u00e4es, autospordis ja muudel v\u00f5istlusspordi aladel. ...<\/p>\n","protected":false},"author":1,"featured_media":0,"parent":0,"menu_order":0,"comment_status":"closed","ping_status":"closed","template":"template-no-title-fullwidth.php","meta":{"ngg_post_thumbnail":0,"footnotes":""},"class_list":["post-4513","page","type-page","status-publish","hentry"],"yoast_head":"<!-- This site is optimized with the Yoast SEO plugin v22.7 - https:\/\/yoast.com\/wordpress\/plugins\/seo\/ -->\n<title>Materjal - Dimarciano<\/title>\n<meta name=\"robots\" content=\"index, follow, max-snippet:-1, max-image-preview:large, max-video-preview:-1\" \/>\n<link rel=\"canonical\" href=\"https:\/\/dimarciano.com\/et\/materjal\/\" \/>\n<meta property=\"og:locale\" content=\"et_EE\" \/>\n<meta property=\"og:type\" content=\"article\" \/>\n<meta property=\"og:title\" content=\"Materjal - Dimarciano\" \/>\n<meta property=\"og:description\" content=\"[vc_row][vc_column width=&#8221;1\/4&#8243;][vc_single_image image=&#8221;5778&#8243; img_size=&#8221;large&#8221; alignment=&#8221;center&#8221;][\/vc_column][vc_column width=&#8221;1\/2&#8243;][vc_column_text css=&#8221;.vc_custom_1617228366683{padding-right: 10% !important;padding-left: 10% !important;}&#8221;] S\u00fcsinikkiud koosnevad s\u00fcsinikuaatomitest ning m\u00f5nikord nimetatakse neid ka grafiidikiududeks. S\u00fcsinikkiul on mitmeid eeliseid, sealhulgas j\u00e4ikus, suur t\u00f5mbetugevus, v\u00e4ike kaal, hea keemiline vastupidavus, k\u00f5rge temperatuuritaluvus ja madal soojuspaisuvus. Need omadused on teinud s\u00fcsinikkiu populaarseks j\u00e4rgmistel aladel nagu lennunduses, ehituses, s\u00f5jav\u00e4es, autospordis ja muudel v\u00f5istlusspordi aladel. [&hellip;]\" \/>\n<meta property=\"og:url\" content=\"https:\/\/dimarciano.com\/et\/materjal\/\" \/>\n<meta property=\"og:site_name\" content=\"Dimarciano\" \/>\n<meta property=\"article:modified_time\" content=\"2021-04-22T13:01:36+00:00\" \/>\n<meta name=\"twitter:card\" content=\"summary_large_image\" \/>\n<meta name=\"twitter:label1\" content=\"Est. reading time\" \/>\n\t<meta name=\"twitter:data1\" content=\"1 minut\" \/>\n<script type=\"application\/ld+json\" class=\"yoast-schema-graph\">{\"@context\":\"https:\/\/schema.org\",\"@graph\":[{\"@type\":\"WebPage\",\"@id\":\"https:\/\/dimarciano.com\/et\/materjal\/\",\"url\":\"https:\/\/dimarciano.com\/et\/materjal\/\",\"name\":\"Materjal - Dimarciano\",\"isPartOf\":{\"@id\":\"https:\/\/dimarciano.com\/#website\"},\"datePublished\":\"2017-07-23T19:39:56+00:00\",\"dateModified\":\"2021-04-22T13:01:36+00:00\",\"breadcrumb\":{\"@id\":\"https:\/\/dimarciano.com\/et\/materjal\/#breadcrumb\"},\"inLanguage\":\"et\",\"potentialAction\":[{\"@type\":\"ReadAction\",\"target\":[\"https:\/\/dimarciano.com\/et\/materjal\/\"]}]},{\"@type\":\"BreadcrumbList\",\"@id\":\"https:\/\/dimarciano.com\/et\/materjal\/#breadcrumb\",\"itemListElement\":[{\"@type\":\"ListItem\",\"position\":1,\"name\":\"Home\",\"item\":\"https:\/\/dimarciano.com\/et\/\"},{\"@type\":\"ListItem\",\"position\":2,\"name\":\"Materjal\"}]},{\"@type\":\"WebSite\",\"@id\":\"https:\/\/dimarciano.com\/#website\",\"url\":\"https:\/\/dimarciano.com\/\",\"name\":\"Dimarciano\",\"description\":\"\",\"potentialAction\":[{\"@type\":\"SearchAction\",\"target\":{\"@type\":\"EntryPoint\",\"urlTemplate\":\"https:\/\/dimarciano.com\/?s={search_term_string}\"},\"query-input\":\"required name=search_term_string\"}],\"inLanguage\":\"et\"}]}<\/script>\n<!-- \/ Yoast SEO plugin. -->","yoast_head_json":{"title":"Materjal - Dimarciano","robots":{"index":"index","follow":"follow","max-snippet":"max-snippet:-1","max-image-preview":"max-image-preview:large","max-video-preview":"max-video-preview:-1"},"canonical":"https:\/\/dimarciano.com\/et\/materjal\/","og_locale":"et_EE","og_type":"article","og_title":"Materjal - Dimarciano","og_description":"[vc_row][vc_column width=&#8221;1\/4&#8243;][vc_single_image image=&#8221;5778&#8243; img_size=&#8221;large&#8221; alignment=&#8221;center&#8221;][\/vc_column][vc_column width=&#8221;1\/2&#8243;][vc_column_text css=&#8221;.vc_custom_1617228366683{padding-right: 10% !important;padding-left: 10% !important;}&#8221;] S\u00fcsinikkiud koosnevad s\u00fcsinikuaatomitest ning m\u00f5nikord nimetatakse neid ka grafiidikiududeks. S\u00fcsinikkiul on mitmeid eeliseid, sealhulgas j\u00e4ikus, suur t\u00f5mbetugevus, v\u00e4ike kaal, hea keemiline vastupidavus, k\u00f5rge temperatuuritaluvus ja madal soojuspaisuvus. Need omadused on teinud s\u00fcsinikkiu populaarseks j\u00e4rgmistel aladel nagu lennunduses, ehituses, s\u00f5jav\u00e4es, autospordis ja muudel v\u00f5istlusspordi aladel. [&hellip;]","og_url":"https:\/\/dimarciano.com\/et\/materjal\/","og_site_name":"Dimarciano","article_modified_time":"2021-04-22T13:01:36+00:00","twitter_card":"summary_large_image","twitter_misc":{"Est. reading time":"1 minut"},"schema":{"@context":"https:\/\/schema.org","@graph":[{"@type":"WebPage","@id":"https:\/\/dimarciano.com\/et\/materjal\/","url":"https:\/\/dimarciano.com\/et\/materjal\/","name":"Materjal - Dimarciano","isPartOf":{"@id":"https:\/\/dimarciano.com\/#website"},"datePublished":"2017-07-23T19:39:56+00:00","dateModified":"2021-04-22T13:01:36+00:00","breadcrumb":{"@id":"https:\/\/dimarciano.com\/et\/materjal\/#breadcrumb"},"inLanguage":"et","potentialAction":[{"@type":"ReadAction","target":["https:\/\/dimarciano.com\/et\/materjal\/"]}]},{"@type":"BreadcrumbList","@id":"https:\/\/dimarciano.com\/et\/materjal\/#breadcrumb","itemListElement":[{"@type":"ListItem","position":1,"name":"Home","item":"https:\/\/dimarciano.com\/et\/"},{"@type":"ListItem","position":2,"name":"Materjal"}]},{"@type":"WebSite","@id":"https:\/\/dimarciano.com\/#website","url":"https:\/\/dimarciano.com\/","name":"Dimarciano","description":"","potentialAction":[{"@type":"SearchAction","target":{"@type":"EntryPoint","urlTemplate":"https:\/\/dimarciano.com\/?s={search_term_string}"},"query-input":"required name=search_term_string"}],"inLanguage":"et"}]}},"_links":{"self":[{"href":"https:\/\/dimarciano.com\/et\/wp-json\/wp\/v2\/pages\/4513","targetHints":{"allow":["GET"]}}],"collection":[{"href":"https:\/\/dimarciano.com\/et\/wp-json\/wp\/v2\/pages"}],"about":[{"href":"https:\/\/dimarciano.com\/et\/wp-json\/wp\/v2\/types\/page"}],"author":[{"embeddable":true,"href":"https:\/\/dimarciano.com\/et\/wp-json\/wp\/v2\/users\/1"}],"replies":[{"embeddable":true,"href":"https:\/\/dimarciano.com\/et\/wp-json\/wp\/v2\/comments?post=4513"}],"version-history":[{"count":8,"href":"https:\/\/dimarciano.com\/et\/wp-json\/wp\/v2\/pages\/4513\/revisions"}],"predecessor-version":[{"id":5956,"href":"https:\/\/dimarciano.com\/et\/wp-json\/wp\/v2\/pages\/4513\/revisions\/5956"}],"wp:attachment":[{"href":"https:\/\/dimarciano.com\/et\/wp-json\/wp\/v2\/media?parent=4513"}],"curies":[{"name":"wp","href":"https:\/\/api.w.org\/{rel}","templated":true}]}}