{"id":5550,"date":"2021-03-31T21:46:20","date_gmt":"2021-03-31T21:46:20","guid":{"rendered":"https:\/\/dimarciano.com\/?page_id=5550"},"modified":"2021-03-31T21:47:07","modified_gmt":"2021-03-31T21:47:07","slug":"kohaletoimetamine","status":"publish","type":"page","link":"https:\/\/dimarciano.com\/et\/kohaletoimetamine\/","title":{"rendered":"Saatmine"},"content":{"rendered":"<h3>Kohaletoimetamine<\/h3>\n<p>Kaup tarnitakse Eestis DPD-ga ja tarneaeg on umbes 1-3 p\u00e4eva. Mujal maailmas kasutame DHL-i ja tarneaeg s\u00f5ltub asukohast.<\/p>\n<p>Kauba saatmiskulud kannab ostja ning vastav hinnainfo on kuvatud saatmisviisi juures.<\/p>\n<p>Tarneajad, mida kuvatakse, on informatiivsed ning Dimarciano Cavalier O\u00dc ei v\u00f5ta vastutust kullerfirmade hilinemiste, tolliformaalsuste ning muude mitte meist olenevatest hilinemise p\u00f5hjustest tingitud tarneaja pikenemise eest.<\/p>\n<p>V\u00e4ljaspool ELi riike asuvate klientide suhtes kehtivad k\u00f5ik asjakohased impordi tollimaksud ja m\u00fc\u00fcgimaksud. Kuna me ei oska maksude t\u00e4pset summat v\u00e4lja tuua, soovitame enne tellimuse esitamist p\u00f6\u00f6rduda lisateabe saamiseks kohaliku tolliasutuse v\u00f5i maksuameti poole.<\/p>\n","protected":false},"excerpt":{"rendered":"<p>Kohaletoimetamine Kaup tarnitakse Eestis DPD-ga ja tarneaeg on umbes 1-3 p\u00e4eva. Mujal maailmas kasutame DHL-i ja tarneaeg s\u00f5ltub asukohast. Kauba saatmiskulud kannab ostja ning vastav hinnainfo on kuvatud saatmisviisi juures. Tarneajad, mida kuvatakse, on informatiivsed ning Dimarciano Cavalier O\u00dc ei v\u00f5ta vastutust kullerfirmade hilinemiste, tolliformaalsuste ning muude mitte meist olenevatest hilinemise p\u00f5hjustest tingitud tarneaja pikenemise ...<\/p>\n","protected":false},"author":1,"featured_media":0,"parent":0,"menu_order":0,"comment_status":"closed","ping_status":"closed","template":"","meta":{"ngg_post_thumbnail":0,"footnotes":""},"class_list":["post-5550","page","type-page","status-publish","hentry"],"yoast_head":"<!-- This site is optimized with the Yoast SEO plugin v22.7 - https:\/\/yoast.com\/wordpress\/plugins\/seo\/ -->\n<title>Saatmine - Dimarciano<\/title>\n<meta name=\"robots\" content=\"index, follow, max-snippet:-1, max-image-preview:large, max-video-preview:-1\" \/>\n<link rel=\"canonical\" href=\"https:\/\/dimarciano.com\/et\/kohaletoimetamine\/\" \/>\n<meta property=\"og:locale\" content=\"et_EE\" \/>\n<meta property=\"og:type\" content=\"article\" \/>\n<meta property=\"og:title\" content=\"Saatmine - Dimarciano\" \/>\n<meta property=\"og:description\" content=\"Kohaletoimetamine Kaup tarnitakse Eestis DPD-ga ja tarneaeg on umbes 1-3 p\u00e4eva. Mujal maailmas kasutame DHL-i ja tarneaeg s\u00f5ltub asukohast. Kauba saatmiskulud kannab ostja ning vastav hinnainfo on kuvatud saatmisviisi juures. Tarneajad, mida kuvatakse, on informatiivsed ning Dimarciano Cavalier O\u00dc ei v\u00f5ta vastutust kullerfirmade hilinemiste, tolliformaalsuste ning muude mitte meist olenevatest hilinemise p\u00f5hjustest tingitud tarneaja pikenemise [&hellip;]\" \/>\n<meta property=\"og:url\" content=\"https:\/\/dimarciano.com\/et\/kohaletoimetamine\/\" \/>\n<meta property=\"og:site_name\" content=\"Dimarciano\" \/>\n<meta property=\"article:modified_time\" content=\"2021-03-31T21:47:07+00:00\" \/>\n<meta name=\"twitter:card\" content=\"summary_large_image\" \/>\n<meta name=\"twitter:label1\" content=\"Est. reading time\" \/>\n\t<meta name=\"twitter:data1\" content=\"1 minut\" \/>\n<script type=\"application\/ld+json\" class=\"yoast-schema-graph\">{\"@context\":\"https:\/\/schema.org\",\"@graph\":[{\"@type\":\"WebPage\",\"@id\":\"https:\/\/dimarciano.com\/et\/kohaletoimetamine\/\",\"url\":\"https:\/\/dimarciano.com\/et\/kohaletoimetamine\/\",\"name\":\"Saatmine - Dimarciano\",\"isPartOf\":{\"@id\":\"https:\/\/dimarciano.com\/#website\"},\"datePublished\":\"2021-03-31T21:46:20+00:00\",\"dateModified\":\"2021-03-31T21:47:07+00:00\",\"breadcrumb\":{\"@id\":\"https:\/\/dimarciano.com\/et\/kohaletoimetamine\/#breadcrumb\"},\"inLanguage\":\"et\",\"potentialAction\":[{\"@type\":\"ReadAction\",\"target\":[\"https:\/\/dimarciano.com\/et\/kohaletoimetamine\/\"]}]},{\"@type\":\"BreadcrumbList\",\"@id\":\"https:\/\/dimarciano.com\/et\/kohaletoimetamine\/#breadcrumb\",\"itemListElement\":[{\"@type\":\"ListItem\",\"position\":1,\"name\":\"Home\",\"item\":\"https:\/\/dimarciano.com\/et\/\"},{\"@type\":\"ListItem\",\"position\":2,\"name\":\"Saatmine\"}]},{\"@type\":\"WebSite\",\"@id\":\"https:\/\/dimarciano.com\/#website\",\"url\":\"https:\/\/dimarciano.com\/\",\"name\":\"Dimarciano\",\"description\":\"\",\"potentialAction\":[{\"@type\":\"SearchAction\",\"target\":{\"@type\":\"EntryPoint\",\"urlTemplate\":\"https:\/\/dimarciano.com\/?s={search_term_string}\"},\"query-input\":\"required name=search_term_string\"}],\"inLanguage\":\"et\"}]}<\/script>\n<!-- \/ Yoast SEO plugin. -->","yoast_head_json":{"title":"Saatmine - Dimarciano","robots":{"index":"index","follow":"follow","max-snippet":"max-snippet:-1","max-image-preview":"max-image-preview:large","max-video-preview":"max-video-preview:-1"},"canonical":"https:\/\/dimarciano.com\/et\/kohaletoimetamine\/","og_locale":"et_EE","og_type":"article","og_title":"Saatmine - Dimarciano","og_description":"Kohaletoimetamine Kaup tarnitakse Eestis DPD-ga ja tarneaeg on umbes 1-3 p\u00e4eva. Mujal maailmas kasutame DHL-i ja tarneaeg s\u00f5ltub asukohast. Kauba saatmiskulud kannab ostja ning vastav hinnainfo on kuvatud saatmisviisi juures. Tarneajad, mida kuvatakse, on informatiivsed ning Dimarciano Cavalier O\u00dc ei v\u00f5ta vastutust kullerfirmade hilinemiste, tolliformaalsuste ning muude mitte meist olenevatest hilinemise p\u00f5hjustest tingitud tarneaja pikenemise [&hellip;]","og_url":"https:\/\/dimarciano.com\/et\/kohaletoimetamine\/","og_site_name":"Dimarciano","article_modified_time":"2021-03-31T21:47:07+00:00","twitter_card":"summary_large_image","twitter_misc":{"Est. reading time":"1 minut"},"schema":{"@context":"https:\/\/schema.org","@graph":[{"@type":"WebPage","@id":"https:\/\/dimarciano.com\/et\/kohaletoimetamine\/","url":"https:\/\/dimarciano.com\/et\/kohaletoimetamine\/","name":"Saatmine - Dimarciano","isPartOf":{"@id":"https:\/\/dimarciano.com\/#website"},"datePublished":"2021-03-31T21:46:20+00:00","dateModified":"2021-03-31T21:47:07+00:00","breadcrumb":{"@id":"https:\/\/dimarciano.com\/et\/kohaletoimetamine\/#breadcrumb"},"inLanguage":"et","potentialAction":[{"@type":"ReadAction","target":["https:\/\/dimarciano.com\/et\/kohaletoimetamine\/"]}]},{"@type":"BreadcrumbList","@id":"https:\/\/dimarciano.com\/et\/kohaletoimetamine\/#breadcrumb","itemListElement":[{"@type":"ListItem","position":1,"name":"Home","item":"https:\/\/dimarciano.com\/et\/"},{"@type":"ListItem","position":2,"name":"Saatmine"}]},{"@type":"WebSite","@id":"https:\/\/dimarciano.com\/#website","url":"https:\/\/dimarciano.com\/","name":"Dimarciano","description":"","potentialAction":[{"@type":"SearchAction","target":{"@type":"EntryPoint","urlTemplate":"https:\/\/dimarciano.com\/?s={search_term_string}"},"query-input":"required name=search_term_string"}],"inLanguage":"et"}]}},"_links":{"self":[{"href":"https:\/\/dimarciano.com\/et\/wp-json\/wp\/v2\/pages\/5550","targetHints":{"allow":["GET"]}}],"collection":[{"href":"https:\/\/dimarciano.com\/et\/wp-json\/wp\/v2\/pages"}],"about":[{"href":"https:\/\/dimarciano.com\/et\/wp-json\/wp\/v2\/types\/page"}],"author":[{"embeddable":true,"href":"https:\/\/dimarciano.com\/et\/wp-json\/wp\/v2\/users\/1"}],"replies":[{"embeddable":true,"href":"https:\/\/dimarciano.com\/et\/wp-json\/wp\/v2\/comments?post=5550"}],"version-history":[{"count":1,"href":"https:\/\/dimarciano.com\/et\/wp-json\/wp\/v2\/pages\/5550\/revisions"}],"predecessor-version":[{"id":5552,"href":"https:\/\/dimarciano.com\/et\/wp-json\/wp\/v2\/pages\/5550\/revisions\/5552"}],"wp:attachment":[{"href":"https:\/\/dimarciano.com\/et\/wp-json\/wp\/v2\/media?parent=5550"}],"curies":[{"name":"wp","href":"https:\/\/api.w.org\/{rel}","templated":true}]}}