{"id":2043,"date":"2016-11-13T10:57:43","date_gmt":"2016-11-13T10:57:43","guid":{"rendered":"http:\/\/demo.elusivethemes.com\/romeo\/product\/elegant-white-night-skirt\/"},"modified":"2021-10-12T16:12:06","modified_gmt":"2021-10-12T16:12:06","slug":"the-skull","status":"publish","type":"product","link":"https:\/\/dimarciano.com\/et\/toode\/the-skull\/","title":{"rendered":"The Skull"},"content":{"rendered":"","protected":false},"excerpt":{"rendered":"<p>Materjal: S\u00fcsinikkiud + vesiprint + nahk<br \/>\nM\u00f5\u00f5tmed: 30 x 12 x 20 cm<br \/>\nKaal: 617 g<br \/>\nLimiteeritud v\u00e4ljaanne: 1 t\u00fckk<br \/>\nToote valmimisaeg: 1-3 n\u00e4dalat<\/p>\n...","protected":false},"featured_media":6078,"template":"","meta":{"ngg_post_thumbnail":0},"product_cat":[56],"product_tag":[],"class_list":{"0":"post-2043","1":"product","2":"type-product","3":"status-publish","4":"has-post-thumbnail","6":"product_cat-dimarciano-cavalier","8":"first","9":"instock","10":"featured","11":"shipping-taxable","12":"purchasable","13":"product-type-simple"},"yoast_head":"<!-- This site is optimized with the Yoast SEO plugin v22.7 - https:\/\/yoast.com\/wordpress\/plugins\/seo\/ -->\n<title>The Skull - Dimarciano<\/title>\n<meta name=\"robots\" content=\"index, follow, max-snippet:-1, max-image-preview:large, max-video-preview:-1\" \/>\n<link rel=\"canonical\" href=\"https:\/\/dimarciano.com\/et\/toode\/the-skull\/\" \/>\n<meta property=\"og:locale\" content=\"et_EE\" \/>\n<meta property=\"og:type\" content=\"article\" \/>\n<meta property=\"og:title\" content=\"The Skull - Dimarciano\" \/>\n<meta property=\"og:description\" content=\"Materjal: S\u00fcsinikkiud + vesiprint + nahk M\u00f5\u00f5tmed: 30 x 12 x 20 cm Kaal: 617 g Limiteeritud v\u00e4ljaanne: 1 t\u00fckk Toote valmimisaeg: 1-3 n\u00e4dalat\" \/>\n<meta property=\"og:url\" content=\"https:\/\/dimarciano.com\/et\/toode\/the-skull\/\" \/>\n<meta property=\"og:site_name\" content=\"Dimarciano\" \/>\n<meta property=\"article:modified_time\" content=\"2021-10-12T16:12:06+00:00\" \/>\n<meta property=\"og:image\" content=\"https:\/\/dimarciano.com\/wp-content\/uploads\/2016\/11\/NR_1_P1201401_The_Skull_Kaekotid.jpg\" \/>\n\t<meta property=\"og:image:width\" content=\"1080\" \/>\n\t<meta property=\"og:image:height\" content=\"1080\" \/>\n\t<meta property=\"og:image:type\" content=\"image\/jpeg\" \/>\n<meta name=\"twitter:card\" content=\"summary_large_image\" \/>\n<script type=\"application\/ld+json\" class=\"yoast-schema-graph\">{\"@context\":\"https:\/\/schema.org\",\"@graph\":[{\"@type\":\"WebPage\",\"@id\":\"https:\/\/dimarciano.com\/et\/toode\/the-skull\/\",\"url\":\"https:\/\/dimarciano.com\/et\/toode\/the-skull\/\",\"name\":\"The Skull - Dimarciano\",\"isPartOf\":{\"@id\":\"https:\/\/dimarciano.com\/#website\"},\"primaryImageOfPage\":{\"@id\":\"https:\/\/dimarciano.com\/et\/toode\/the-skull\/#primaryimage\"},\"image\":{\"@id\":\"https:\/\/dimarciano.com\/et\/toode\/the-skull\/#primaryimage\"},\"thumbnailUrl\":\"https:\/\/dimarciano.com\/wp-content\/uploads\/2016\/11\/NR_1_P1201401_The_Skull_Kaekotid.jpg\",\"datePublished\":\"2016-11-13T10:57:43+00:00\",\"dateModified\":\"2021-10-12T16:12:06+00:00\",\"breadcrumb\":{\"@id\":\"https:\/\/dimarciano.com\/et\/toode\/the-skull\/#breadcrumb\"},\"inLanguage\":\"et\",\"potentialAction\":[{\"@type\":\"ReadAction\",\"target\":[\"https:\/\/dimarciano.com\/et\/toode\/the-skull\/\"]}]},{\"@type\":\"ImageObject\",\"inLanguage\":\"et\",\"@id\":\"https:\/\/dimarciano.com\/et\/toode\/the-skull\/#primaryimage\",\"url\":\"https:\/\/dimarciano.com\/wp-content\/uploads\/2016\/11\/NR_1_P1201401_The_Skull_Kaekotid.jpg\",\"contentUrl\":\"https:\/\/dimarciano.com\/wp-content\/uploads\/2016\/11\/NR_1_P1201401_The_Skull_Kaekotid.jpg\",\"width\":1080,\"height\":1080},{\"@type\":\"BreadcrumbList\",\"@id\":\"https:\/\/dimarciano.com\/et\/toode\/the-skull\/#breadcrumb\",\"itemListElement\":[{\"@type\":\"ListItem\",\"position\":1,\"name\":\"Home\",\"item\":\"https:\/\/dimarciano.com\/et\/\"},{\"@type\":\"ListItem\",\"position\":2,\"name\":\"Tooted\",\"item\":\"https:\/\/dimarciano.com\/et\/tooted\/\"},{\"@type\":\"ListItem\",\"position\":3,\"name\":\"The Skull\"}]},{\"@type\":\"WebSite\",\"@id\":\"https:\/\/dimarciano.com\/#website\",\"url\":\"https:\/\/dimarciano.com\/\",\"name\":\"Dimarciano\",\"description\":\"\",\"potentialAction\":[{\"@type\":\"SearchAction\",\"target\":{\"@type\":\"EntryPoint\",\"urlTemplate\":\"https:\/\/dimarciano.com\/?s={search_term_string}\"},\"query-input\":\"required name=search_term_string\"}],\"inLanguage\":\"et\"}]}<\/script>\n<!-- \/ Yoast SEO plugin. -->","yoast_head_json":{"title":"The Skull - Dimarciano","robots":{"index":"index","follow":"follow","max-snippet":"max-snippet:-1","max-image-preview":"max-image-preview:large","max-video-preview":"max-video-preview:-1"},"canonical":"https:\/\/dimarciano.com\/et\/toode\/the-skull\/","og_locale":"et_EE","og_type":"article","og_title":"The Skull - Dimarciano","og_description":"Materjal: S\u00fcsinikkiud + vesiprint + nahk M\u00f5\u00f5tmed: 30 x 12 x 20 cm Kaal: 617 g Limiteeritud v\u00e4ljaanne: 1 t\u00fckk Toote valmimisaeg: 1-3 n\u00e4dalat","og_url":"https:\/\/dimarciano.com\/et\/toode\/the-skull\/","og_site_name":"Dimarciano","article_modified_time":"2021-10-12T16:12:06+00:00","og_image":[{"width":1080,"height":1080,"url":"https:\/\/dimarciano.com\/wp-content\/uploads\/2016\/11\/NR_1_P1201401_The_Skull_Kaekotid.jpg","type":"image\/jpeg"}],"twitter_card":"summary_large_image","schema":{"@context":"https:\/\/schema.org","@graph":[{"@type":"WebPage","@id":"https:\/\/dimarciano.com\/et\/toode\/the-skull\/","url":"https:\/\/dimarciano.com\/et\/toode\/the-skull\/","name":"The Skull - Dimarciano","isPartOf":{"@id":"https:\/\/dimarciano.com\/#website"},"primaryImageOfPage":{"@id":"https:\/\/dimarciano.com\/et\/toode\/the-skull\/#primaryimage"},"image":{"@id":"https:\/\/dimarciano.com\/et\/toode\/the-skull\/#primaryimage"},"thumbnailUrl":"https:\/\/dimarciano.com\/wp-content\/uploads\/2016\/11\/NR_1_P1201401_The_Skull_Kaekotid.jpg","datePublished":"2016-11-13T10:57:43+00:00","dateModified":"2021-10-12T16:12:06+00:00","breadcrumb":{"@id":"https:\/\/dimarciano.com\/et\/toode\/the-skull\/#breadcrumb"},"inLanguage":"et","potentialAction":[{"@type":"ReadAction","target":["https:\/\/dimarciano.com\/et\/toode\/the-skull\/"]}]},{"@type":"ImageObject","inLanguage":"et","@id":"https:\/\/dimarciano.com\/et\/toode\/the-skull\/#primaryimage","url":"https:\/\/dimarciano.com\/wp-content\/uploads\/2016\/11\/NR_1_P1201401_The_Skull_Kaekotid.jpg","contentUrl":"https:\/\/dimarciano.com\/wp-content\/uploads\/2016\/11\/NR_1_P1201401_The_Skull_Kaekotid.jpg","width":1080,"height":1080},{"@type":"BreadcrumbList","@id":"https:\/\/dimarciano.com\/et\/toode\/the-skull\/#breadcrumb","itemListElement":[{"@type":"ListItem","position":1,"name":"Home","item":"https:\/\/dimarciano.com\/et\/"},{"@type":"ListItem","position":2,"name":"Tooted","item":"https:\/\/dimarciano.com\/et\/tooted\/"},{"@type":"ListItem","position":3,"name":"The Skull"}]},{"@type":"WebSite","@id":"https:\/\/dimarciano.com\/#website","url":"https:\/\/dimarciano.com\/","name":"Dimarciano","description":"","potentialAction":[{"@type":"SearchAction","target":{"@type":"EntryPoint","urlTemplate":"https:\/\/dimarciano.com\/?s={search_term_string}"},"query-input":"required name=search_term_string"}],"inLanguage":"et"}]}},"_links":{"self":[{"href":"https:\/\/dimarciano.com\/et\/wp-json\/wp\/v2\/product\/2043","targetHints":{"allow":["GET"]}}],"collection":[{"href":"https:\/\/dimarciano.com\/et\/wp-json\/wp\/v2\/product"}],"about":[{"href":"https:\/\/dimarciano.com\/et\/wp-json\/wp\/v2\/types\/product"}],"wp:featuredmedia":[{"embeddable":true,"href":"https:\/\/dimarciano.com\/et\/wp-json\/wp\/v2\/media\/6078"}],"wp:attachment":[{"href":"https:\/\/dimarciano.com\/et\/wp-json\/wp\/v2\/media?parent=2043"}],"wp:term":[{"taxonomy":"product_cat","embeddable":true,"href":"https:\/\/dimarciano.com\/et\/wp-json\/wp\/v2\/product_cat?post=2043"},{"taxonomy":"product_tag","embeddable":true,"href":"https:\/\/dimarciano.com\/et\/wp-json\/wp\/v2\/product_tag?post=2043"}],"curies":[{"name":"wp","href":"https:\/\/api.w.org\/{rel}","templated":true}]}}